{"id":857,"date":"2023-10-15T16:53:13","date_gmt":"2023-10-15T14:53:13","guid":{"rendered":"https:\/\/app.on25space.com\/manager\/workspace\/20230716195604\/?page_id=857"},"modified":"2025-02-04T18:50:09","modified_gmt":"2025-02-04T17:50:09","slug":"zonta-emblem","status":"publish","type":"page","link":"https:\/\/zonta-schwaebisch-gmuend.de\/index.php\/zonta-emblem\/","title":{"rendered":"ZONTA-EMBLEM"},"content":{"rendered":"<h2>UNSER EMBLEM<\/h2>\n<table border=\"0\" align=\"left\">\n<tbody>\n<tr align=\"left\" valign=\"top\">\n<td valign=\"top\"><img class=\"lazyload\" decoding=\"async\" src=\"data:image\/svg+xml,%3Csvg%20xmlns%3D%27http%3A%2F%2Fwww.w3.org%2F2000%2Fsvg%27%20width%3D%27115%27%20height%3D%27120%27%20viewBox%3D%270%200%20115%20120%27%3E%3Crect%20width%3D%27115%27%20height%3D%27120%27%20fill-opacity%3D%220%22%2F%3E%3C%2Fsvg%3E\" data-orig-src=\"https:\/\/zonta-schwaebischhall.de\/sites\/default\/files\/union2\/Zonta_International\/Emblem\/Emblem_ganz.JPG?920\" width=\"115\" height=\"120\" \/><\/td>\n<td colspan=\"2\" scope=\"row\" valign=\"top\"><strong>Das ZONTA-Emblem ist aus mehreren \u00fcbereinander angeordneten und zusammengesetzten Symbolen der Sprache der amerikanischen Ureinwohner Sioux entlehnt, die besondere Bedeutung f\u00fcr die Zontian haben.<\/strong><\/p>\n<p>&nbsp;<\/td>\n<\/tr>\n<tr align=\"left\" valign=\"top\">\n<td scope=\"row\" valign=\"top\"><img class=\"lazyload\" decoding=\"async\" src=\"data:image\/svg+xml,%3Csvg%20xmlns%3D%27http%3A%2F%2Fwww.w3.org%2F2000%2Fsvg%27%20width%3D%27118%27%20height%3D%27105%27%20viewBox%3D%270%200%20118%20105%27%3E%3Crect%20width%3D%27118%27%20height%3D%27105%27%20fill-opacity%3D%220%22%2F%3E%3C%2Fsvg%3E\" data-orig-src=\"https:\/\/zonta-schwaebischhall.de\/sites\/default\/files\/union2\/Zonta_International\/Emblem\/Emblem_1.JPG?121\" width=\"118\" height=\"105\" \/><\/td>\n<td scope=\"row\" valign=\"middle\"><strong>Licht<\/strong><\/td>\n<td valign=\"bottom\">Sonnenstrahlen \u2013 ein pl\u00f6tzliches Aufleuchten: Inspiration<\/td>\n<\/tr>\n<tr align=\"left\" valign=\"top\">\n<td scope=\"row\" valign=\"top\"><img class=\"lazyload\" decoding=\"async\" src=\"data:image\/svg+xml,%3Csvg%20xmlns%3D%27http%3A%2F%2Fwww.w3.org%2F2000%2Fsvg%27%20width%3D%27116%27%20height%3D%27108%27%20viewBox%3D%270%200%20116%20108%27%3E%3Crect%20width%3D%27116%27%20height%3D%27108%27%20fill-opacity%3D%220%22%2F%3E%3C%2Fsvg%3E\" data-orig-src=\"https:\/\/zonta-schwaebischhall.de\/sites\/default\/files\/union2\/Zonta_International\/Emblem\/Emblem_2.JPG?973\" width=\"116\" height=\"108\" \/><\/td>\n<td scope=\"row\" valign=\"middle\"><strong>Zusammenhalten<\/strong><\/td>\n<td valign=\"bottom\">Sich zu einem bestimmten Zweck verbinden: durch Loyalit\u00e4t werden Individualisten zusammengehalten<\/td>\n<\/tr>\n<tr align=\"left\" valign=\"top\">\n<td scope=\"row\" valign=\"top\"><img class=\"lazyload\" decoding=\"async\" src=\"data:image\/svg+xml,%3Csvg%20xmlns%3D%27http%3A%2F%2Fwww.w3.org%2F2000%2Fsvg%27%20width%3D%27119%27%20height%3D%27115%27%20viewBox%3D%270%200%20119%20115%27%3E%3Crect%20width%3D%27119%27%20height%3D%27115%27%20fill-opacity%3D%220%22%2F%3E%3C%2Fsvg%3E\" data-orig-src=\"https:\/\/zonta-schwaebischhall.de\/sites\/default\/files\/union2\/Zonta_International\/Emblem\/Emblem_3.JPG?761\" width=\"119\" height=\"115\" \/><\/td>\n<td scope=\"row\" valign=\"middle\"><strong>Gemeinsam Tragen<\/strong><\/td>\n<td valign=\"bottom\">Ausdruck f\u00fcr Service, weltweite Freundschaft und Bem\u00fchen um Frieden<\/td>\n<\/tr>\n<tr align=\"left\" valign=\"top\">\n<td scope=\"row\" valign=\"top\"><img class=\"lazyload\" decoding=\"async\" src=\"data:image\/svg+xml,%3Csvg%20xmlns%3D%27http%3A%2F%2Fwww.w3.org%2F2000%2Fsvg%27%20width%3D%27117%27%20height%3D%27118%27%20viewBox%3D%270%200%20117%20118%27%3E%3Crect%20width%3D%27117%27%20height%3D%27118%27%20fill-opacity%3D%220%22%2F%3E%3C%2Fsvg%3E\" data-orig-src=\"https:\/\/zonta-schwaebischhall.de\/sites\/default\/files\/union2\/Zonta_International\/Emblem\/Emblem_4.JPG?104\" width=\"117\" height=\"118\" \/><\/td>\n<td scope=\"row\" valign=\"middle\"><strong>Obhut\/Schutz<\/strong><\/td>\n<td valign=\"bottom\">Menschen erhalten Hilfe, F\u00f6rderung und Unterst\u00fctzung<\/td>\n<\/tr>\n<tr align=\"left\" valign=\"top\">\n<td scope=\"row\" valign=\"top\"><img class=\"lazyload\" decoding=\"async\" src=\"data:image\/svg+xml,%3Csvg%20xmlns%3D%27http%3A%2F%2Fwww.w3.org%2F2000%2Fsvg%27%20width%3D%27117%27%20height%3D%27124%27%20viewBox%3D%270%200%20117%20124%27%3E%3Crect%20width%3D%27117%27%20height%3D%27124%27%20fill-opacity%3D%220%22%2F%3E%3C%2Fsvg%3E\" data-orig-src=\"https:\/\/zonta-schwaebischhall.de\/sites\/default\/files\/union2\/Zonta_International\/Emblem\/Emblem_5.JPG?859\" width=\"117\" height=\"124\" \/><\/td>\n<td valign=\"bottom\"><strong>Integer und vertrauensw\u00fcrdig<\/strong><\/td>\n<td valign=\"bottom\">Anspruch an das eigene Handeln. Auch das Sioux-Wort &#8222;Zonta&#8220; hat einen vergleichbaren Sinn<\/td>\n<\/tr>\n<\/tbody>\n<\/table>\n<h3><\/h3>\n<h3><\/h3>\n<h3><\/h3>\n<h3><\/h3>\n<h3>\nDIE ZONTA-FARBEN<\/h3>\n<p>Mahagoni und Gold sollen an die Gr\u00fcndungsphase erinnern: Im Herbst 1919 kam es zu der Konf\u00f6deration der ersten neun Zonta Clubs in Buffalo\/New York.<\/p>\n<p>Entworfen wurde das Zeichen 1920 von der K\u00fcnstlerin Helen Fuchs-Gundlach, einem Mitglied des Clubs in Buffalo.<\/p>\n<p>&nbsp;<\/p>\n<h3>DIE ZONTA-ROSE | ZONTA-ROSE-DAY<\/h3>\n<p><img class=\"lazyload\" decoding=\"async\" src=\"data:image\/svg+xml,%3Csvg%20xmlns%3D%27http%3A%2F%2Fwww.w3.org%2F2000%2Fsvg%27%20width%3D%27120%27%20height%3D%27102%27%20viewBox%3D%270%200%20120%20102%27%3E%3Crect%20width%3D%27120%27%20height%3D%27102%27%20fill-opacity%3D%220%22%2F%3E%3C%2Fsvg%3E\" data-orig-src=\"https:\/\/zonta-schwaebischhall.de\/sites\/default\/files\/union\/zonta-rose1_Bertram_HP_Banner_Claudel%20%282%29_0.jpg?161\" alt=\"\u00a9 Zonta Union\" width=\"120\" height=\"102\" \/><\/p>\n<p>Die ZONTA-Rose wurde auf der Convention 1984 in Sydney\/ Australien als offizielles Symbol der Zontian eingef\u00fchrt. Die Anregung, eine Rose als lebendiges Symbol der Organisation und Zeichen der Freundschaft zu w\u00e4hlen, kam von Valerie Webster, Governor des District 16 (Australien\/Neuseeland). Mit Unterst\u00fctzung einer Rosenz\u00fcchterin, die ebenfalls Zontian ist, wurde eine entsprechende Rose gez\u00fcchtet und registriert.<br \/>\nDer Zonta-Rose-Day wird j\u00e4hrlich am 8. M\u00e4rz begangen, dem internationalen Frauentag.<\/p>\n","protected":false},"excerpt":{"rendered":"<p>UNSER EMBLEM Das ZONTA-Emblem ist aus mehreren \u00fcbereinander angeordneten und<\/p>\n","protected":false},"author":1,"featured_media":0,"parent":0,"menu_order":0,"comment_status":"closed","ping_status":"closed","template":"","meta":{"footnotes":""},"class_list":["post-857","page","type-page","status-publish","hentry"],"yoast_head":"<!-- This site is optimized with the Yoast SEO plugin v27.2 - https:\/\/yoast.com\/product\/yoast-seo-wordpress\/ -->\n<title>ZONTA-EMBLEM - Zonta Club Schw\u00e4bisch Gm\u00fcnd e.V.<\/title>\n<meta name=\"description\" content=\"Das ZONTA-Emblem ist aus mehreren \u00fcbereinander angeordneten und zusammengesetzten Symbolen der Sprache der amerikanischen Ureinwohner Sioux entlehnt, die besondere Bedeutung f\u00fcr die Zontians haben.\" \/>\n<meta name=\"robots\" content=\"index, follow, max-snippet:-1, max-image-preview:large, max-video-preview:-1\" \/>\n<link rel=\"canonical\" href=\"https:\/\/zonta-schwaebisch-gmuend.de\/index.php\/zonta-emblem\/\" \/>\n<meta property=\"og:locale\" content=\"de_DE\" \/>\n<meta property=\"og:type\" content=\"article\" \/>\n<meta property=\"og:title\" content=\"ZONTA-EMBLEM - Zonta Club Schw\u00e4bisch Gm\u00fcnd e.V.\" \/>\n<meta property=\"og:description\" content=\"Das ZONTA-Emblem ist aus mehreren \u00fcbereinander angeordneten und zusammengesetzten Symbolen der Sprache der amerikanischen Ureinwohner Sioux entlehnt, die besondere Bedeutung f\u00fcr die Zontians haben.\" \/>\n<meta property=\"og:url\" content=\"https:\/\/zonta-schwaebisch-gmuend.de\/index.php\/zonta-emblem\/\" \/>\n<meta property=\"og:site_name\" content=\"Zonta Club Schw\u00e4bisch Gm\u00fcnd e.V.\" \/>\n<meta property=\"article:modified_time\" content=\"2025-02-04T17:50:09+00:00\" \/>\n<meta property=\"og:image\" content=\"https:\/\/zonta-schwaebischhall.de\/sites\/default\/files\/union2\/Zonta_International\/Emblem\/Emblem_ganz.JPG?920\" \/>\n<meta name=\"twitter:card\" content=\"summary_large_image\" \/>\n<meta name=\"twitter:label1\" content=\"Gesch\u00e4tzte Lesezeit\" \/>\n\t<meta name=\"twitter:data1\" content=\"3\u00a0Minuten\" \/>\n<script type=\"application\/ld+json\" class=\"yoast-schema-graph\">{\"@context\":\"https:\/\/schema.org\",\"@graph\":[{\"@type\":\"WebPage\",\"@id\":\"https:\/\/zonta-schwaebisch-gmuend.de\/index.php\/zonta-emblem\/\",\"url\":\"https:\/\/zonta-schwaebisch-gmuend.de\/index.php\/zonta-emblem\/\",\"name\":\"ZONTA-EMBLEM - Zonta Club Schw\u00e4bisch Gm\u00fcnd e.V.\",\"isPartOf\":{\"@id\":\"https:\/\/zonta-schwaebisch-gmuend.de\/#website\"},\"primaryImageOfPage\":{\"@id\":\"https:\/\/zonta-schwaebisch-gmuend.de\/index.php\/zonta-emblem\/#primaryimage\"},\"image\":{\"@id\":\"https:\/\/zonta-schwaebisch-gmuend.de\/index.php\/zonta-emblem\/#primaryimage\"},\"thumbnailUrl\":\"https:\/\/zonta-schwaebischhall.de\/sites\/default\/files\/union2\/Zonta_International\/Emblem\/Emblem_ganz.JPG?920\",\"datePublished\":\"2023-10-15T14:53:13+00:00\",\"dateModified\":\"2025-02-04T17:50:09+00:00\",\"description\":\"Das ZONTA-Emblem ist aus mehreren \u00fcbereinander angeordneten und zusammengesetzten Symbolen der Sprache der amerikanischen Ureinwohner Sioux entlehnt, die besondere Bedeutung f\u00fcr die Zontians haben.\",\"breadcrumb\":{\"@id\":\"https:\/\/zonta-schwaebisch-gmuend.de\/index.php\/zonta-emblem\/#breadcrumb\"},\"inLanguage\":\"de\",\"potentialAction\":[{\"@type\":\"ReadAction\",\"target\":[\"https:\/\/zonta-schwaebisch-gmuend.de\/index.php\/zonta-emblem\/\"]}]},{\"@type\":\"ImageObject\",\"inLanguage\":\"de\",\"@id\":\"https:\/\/zonta-schwaebisch-gmuend.de\/index.php\/zonta-emblem\/#primaryimage\",\"url\":\"https:\/\/zonta-schwaebischhall.de\/sites\/default\/files\/union2\/Zonta_International\/Emblem\/Emblem_ganz.JPG?920\",\"contentUrl\":\"https:\/\/zonta-schwaebischhall.de\/sites\/default\/files\/union2\/Zonta_International\/Emblem\/Emblem_ganz.JPG?920\"},{\"@type\":\"BreadcrumbList\",\"@id\":\"https:\/\/zonta-schwaebisch-gmuend.de\/index.php\/zonta-emblem\/#breadcrumb\",\"itemListElement\":[{\"@type\":\"ListItem\",\"position\":1,\"name\":\"Startseite\",\"item\":\"https:\/\/zonta-schwaebisch-gmuend.de\/\"},{\"@type\":\"ListItem\",\"position\":2,\"name\":\"ZONTA-EMBLEM\"}]},{\"@type\":\"WebSite\",\"@id\":\"https:\/\/zonta-schwaebisch-gmuend.de\/#website\",\"url\":\"https:\/\/zonta-schwaebisch-gmuend.de\/\",\"name\":\"Zonta Club Schw\u00e4bisch Gm\u00fcnd e.V.\",\"description\":\"\",\"publisher\":{\"@id\":\"https:\/\/zonta-schwaebisch-gmuend.de\/#organization\"},\"potentialAction\":[{\"@type\":\"SearchAction\",\"target\":{\"@type\":\"EntryPoint\",\"urlTemplate\":\"https:\/\/zonta-schwaebisch-gmuend.de\/?s={search_term_string}\"},\"query-input\":{\"@type\":\"PropertyValueSpecification\",\"valueRequired\":true,\"valueName\":\"search_term_string\"}}],\"inLanguage\":\"de\"},{\"@type\":\"Organization\",\"@id\":\"https:\/\/zonta-schwaebisch-gmuend.de\/#organization\",\"name\":\"Zonta Club Schw\u00e4bisch Gm\u00fcnd e.V.\",\"url\":\"https:\/\/zonta-schwaebisch-gmuend.de\/\",\"logo\":{\"@type\":\"ImageObject\",\"inLanguage\":\"de\",\"@id\":\"https:\/\/zonta-schwaebisch-gmuend.de\/#\/schema\/logo\/image\/\",\"url\":\"https:\/\/zonta-schwaebisch-gmuend.de\/wp-content\/uploads\/2023\/08\/Zonta-Club-of-Schwaebisch-Gmuend-Logo_New-Tag_Horizontal_Color-2.png\",\"contentUrl\":\"https:\/\/zonta-schwaebisch-gmuend.de\/wp-content\/uploads\/2023\/08\/Zonta-Club-of-Schwaebisch-Gmuend-Logo_New-Tag_Horizontal_Color-2.png\",\"width\":4738,\"height\":1546,\"caption\":\"Zonta Club Schw\u00e4bisch Gm\u00fcnd e.V.\"},\"image\":{\"@id\":\"https:\/\/zonta-schwaebisch-gmuend.de\/#\/schema\/logo\/image\/\"},\"sameAs\":[\"https:\/\/www.instagram.com\/zontaschwaebischgmuend\/\"]}]}<\/script>\n<!-- \/ Yoast SEO plugin. -->","yoast_head_json":{"title":"ZONTA-EMBLEM - Zonta Club Schw\u00e4bisch Gm\u00fcnd e.V.","description":"Das ZONTA-Emblem ist aus mehreren \u00fcbereinander angeordneten und zusammengesetzten Symbolen der Sprache der amerikanischen Ureinwohner Sioux entlehnt, die besondere Bedeutung f\u00fcr die Zontians haben.","robots":{"index":"index","follow":"follow","max-snippet":"max-snippet:-1","max-image-preview":"max-image-preview:large","max-video-preview":"max-video-preview:-1"},"canonical":"https:\/\/zonta-schwaebisch-gmuend.de\/index.php\/zonta-emblem\/","og_locale":"de_DE","og_type":"article","og_title":"ZONTA-EMBLEM - Zonta Club Schw\u00e4bisch Gm\u00fcnd e.V.","og_description":"Das ZONTA-Emblem ist aus mehreren \u00fcbereinander angeordneten und zusammengesetzten Symbolen der Sprache der amerikanischen Ureinwohner Sioux entlehnt, die besondere Bedeutung f\u00fcr die Zontians haben.","og_url":"https:\/\/zonta-schwaebisch-gmuend.de\/index.php\/zonta-emblem\/","og_site_name":"Zonta Club Schw\u00e4bisch Gm\u00fcnd e.V.","article_modified_time":"2025-02-04T17:50:09+00:00","og_image":[{"url":"https:\/\/zonta-schwaebischhall.de\/sites\/default\/files\/union2\/Zonta_International\/Emblem\/Emblem_ganz.JPG?920","type":"","width":"","height":""}],"twitter_card":"summary_large_image","twitter_misc":{"Gesch\u00e4tzte Lesezeit":"3\u00a0Minuten"},"schema":{"@context":"https:\/\/schema.org","@graph":[{"@type":"WebPage","@id":"https:\/\/zonta-schwaebisch-gmuend.de\/index.php\/zonta-emblem\/","url":"https:\/\/zonta-schwaebisch-gmuend.de\/index.php\/zonta-emblem\/","name":"ZONTA-EMBLEM - Zonta Club Schw\u00e4bisch Gm\u00fcnd e.V.","isPartOf":{"@id":"https:\/\/zonta-schwaebisch-gmuend.de\/#website"},"primaryImageOfPage":{"@id":"https:\/\/zonta-schwaebisch-gmuend.de\/index.php\/zonta-emblem\/#primaryimage"},"image":{"@id":"https:\/\/zonta-schwaebisch-gmuend.de\/index.php\/zonta-emblem\/#primaryimage"},"thumbnailUrl":"https:\/\/zonta-schwaebischhall.de\/sites\/default\/files\/union2\/Zonta_International\/Emblem\/Emblem_ganz.JPG?920","datePublished":"2023-10-15T14:53:13+00:00","dateModified":"2025-02-04T17:50:09+00:00","description":"Das ZONTA-Emblem ist aus mehreren \u00fcbereinander angeordneten und zusammengesetzten Symbolen der Sprache der amerikanischen Ureinwohner Sioux entlehnt, die besondere Bedeutung f\u00fcr die Zontians haben.","breadcrumb":{"@id":"https:\/\/zonta-schwaebisch-gmuend.de\/index.php\/zonta-emblem\/#breadcrumb"},"inLanguage":"de","potentialAction":[{"@type":"ReadAction","target":["https:\/\/zonta-schwaebisch-gmuend.de\/index.php\/zonta-emblem\/"]}]},{"@type":"ImageObject","inLanguage":"de","@id":"https:\/\/zonta-schwaebisch-gmuend.de\/index.php\/zonta-emblem\/#primaryimage","url":"https:\/\/zonta-schwaebischhall.de\/sites\/default\/files\/union2\/Zonta_International\/Emblem\/Emblem_ganz.JPG?920","contentUrl":"https:\/\/zonta-schwaebischhall.de\/sites\/default\/files\/union2\/Zonta_International\/Emblem\/Emblem_ganz.JPG?920"},{"@type":"BreadcrumbList","@id":"https:\/\/zonta-schwaebisch-gmuend.de\/index.php\/zonta-emblem\/#breadcrumb","itemListElement":[{"@type":"ListItem","position":1,"name":"Startseite","item":"https:\/\/zonta-schwaebisch-gmuend.de\/"},{"@type":"ListItem","position":2,"name":"ZONTA-EMBLEM"}]},{"@type":"WebSite","@id":"https:\/\/zonta-schwaebisch-gmuend.de\/#website","url":"https:\/\/zonta-schwaebisch-gmuend.de\/","name":"Zonta Club Schw\u00e4bisch Gm\u00fcnd e.V.","description":"","publisher":{"@id":"https:\/\/zonta-schwaebisch-gmuend.de\/#organization"},"potentialAction":[{"@type":"SearchAction","target":{"@type":"EntryPoint","urlTemplate":"https:\/\/zonta-schwaebisch-gmuend.de\/?s={search_term_string}"},"query-input":{"@type":"PropertyValueSpecification","valueRequired":true,"valueName":"search_term_string"}}],"inLanguage":"de"},{"@type":"Organization","@id":"https:\/\/zonta-schwaebisch-gmuend.de\/#organization","name":"Zonta Club Schw\u00e4bisch Gm\u00fcnd e.V.","url":"https:\/\/zonta-schwaebisch-gmuend.de\/","logo":{"@type":"ImageObject","inLanguage":"de","@id":"https:\/\/zonta-schwaebisch-gmuend.de\/#\/schema\/logo\/image\/","url":"https:\/\/zonta-schwaebisch-gmuend.de\/wp-content\/uploads\/2023\/08\/Zonta-Club-of-Schwaebisch-Gmuend-Logo_New-Tag_Horizontal_Color-2.png","contentUrl":"https:\/\/zonta-schwaebisch-gmuend.de\/wp-content\/uploads\/2023\/08\/Zonta-Club-of-Schwaebisch-Gmuend-Logo_New-Tag_Horizontal_Color-2.png","width":4738,"height":1546,"caption":"Zonta Club Schw\u00e4bisch Gm\u00fcnd e.V."},"image":{"@id":"https:\/\/zonta-schwaebisch-gmuend.de\/#\/schema\/logo\/image\/"},"sameAs":["https:\/\/www.instagram.com\/zontaschwaebischgmuend\/"]}]}},"_links":{"self":[{"href":"https:\/\/zonta-schwaebisch-gmuend.de\/index.php\/wp-json\/wp\/v2\/pages\/857","targetHints":{"allow":["GET"]}}],"collection":[{"href":"https:\/\/zonta-schwaebisch-gmuend.de\/index.php\/wp-json\/wp\/v2\/pages"}],"about":[{"href":"https:\/\/zonta-schwaebisch-gmuend.de\/index.php\/wp-json\/wp\/v2\/types\/page"}],"author":[{"embeddable":true,"href":"https:\/\/zonta-schwaebisch-gmuend.de\/index.php\/wp-json\/wp\/v2\/users\/1"}],"replies":[{"embeddable":true,"href":"https:\/\/zonta-schwaebisch-gmuend.de\/index.php\/wp-json\/wp\/v2\/comments?post=857"}],"version-history":[{"count":3,"href":"https:\/\/zonta-schwaebisch-gmuend.de\/index.php\/wp-json\/wp\/v2\/pages\/857\/revisions"}],"predecessor-version":[{"id":1597,"href":"https:\/\/zonta-schwaebisch-gmuend.de\/index.php\/wp-json\/wp\/v2\/pages\/857\/revisions\/1597"}],"wp:attachment":[{"href":"https:\/\/zonta-schwaebisch-gmuend.de\/index.php\/wp-json\/wp\/v2\/media?parent=857"}],"curies":[{"name":"wp","href":"https:\/\/api.w.org\/{rel}","templated":true}]}}