{"id":856,"date":"2023-10-15T16:52:51","date_gmt":"2023-10-15T14:52:51","guid":{"rendered":"https:\/\/app.on25space.com\/manager\/workspace\/20230716195604\/?page_id=856"},"modified":"2024-05-06T23:47:06","modified_gmt":"2024-05-06T21:47:06","slug":"zonta-foundation-for-women","status":"publish","type":"page","link":"https:\/\/zonta-schwaebisch-gmuend.de\/index.php\/zonta-foundation-for-women\/","title":{"rendered":"ZONTA FOUNDATION FOR WOMEN"},"content":{"rendered":"<h2>ZONTA INTERNATIONAL FOUNDATION FOR WOMEN<\/h2>\n<p>Die\u00a0Zonta International Foundation for Women\u00a0wurde 1984 von ZONTA International als unabh\u00e4ngige Organisation gegr\u00fcndet. Die\u00a0Zonta International Foundation for Women\u00a0finanziert die Internationalen Projekte und Auszeichnungen, betreut Einnahmen\/Ausgaben und sucht Spender und Sponsoren.<\/p>\n<p>Die gemeinn\u00fctzige internationale Stiftung wurde 1984 von ZONTA International als unabh\u00e4ngige Organisation gegr\u00fcndet. Sie finanziert die Internationalen Projekte und Auszeichnungen, betreut Einnahmen\/Ausgaben und sucht Spender und Sponsoren. So gew\u00e4hrleistet dieZonta International Foundation for Women, dass die Spenden von Clubs, individuellen Zontians oder Freunden von Zonta da ankommen, wo nachhaltige Hilfe gefordert ist.<\/p>\n<h2>KOOPERATION MIT INTERNATIONALEN HILFSORGANISATIONEN<\/h2>\n<p>In Kooperation mit internationalen Hilfsorganisationen wie UN women, UNICEF oder UNFPA und anderen internationalen NGOs (z.B. CARE) stellt\u00a0Zonta International Foundation for Women\u00a0jedes Jahr \u00fcber zwei Millionen US Dollar f\u00fcr Projekte zur Verf\u00fcgung, die Frauen und M\u00e4dchen auf unterschiedlichste Weise unterst\u00fctzen.<\/p>\n<p>Alle Zonta International Service- und ZISVAW-Projekte entsprechen unserer Mission \u2013 Unterst\u00fctzung der Frauen weltweit durch Service und Advocacy. Wenn wir wollen, dass unsere Projekte nachhaltig sind, sollten diese nicht nur die Service-, sondern auch die Advocacy-Aspekte umfassen. Durch Advocacy k\u00f6nnen wir f\u00fcr die Frauen in der Zukunft eine bessere Welt erreichen.<\/p>\n<p>Die Projekte unterst\u00fctzen auf verschiedene Weise die Frauen durch die Verbesserung ihrer Gesundheit und ihrer Ausbildung und auch weiteren Bem\u00fchungen zum Beenden der Gewalt an Frauen.<\/p>\n<p>Ihr gemeinsamer Nenner: Sie zielen darauf, die Autonomie und Selbstversorgung der Frauen sicherzustellen. Jede Frau soll w\u00e4hlen k\u00f6nnen. Die Unterst\u00fctzung der Frauen f\u00fchrt zur Gleichberechtigung und wirtschaftlichem Wachstum.<\/p>\n<h2>BILDUNG UND GESUNDHEITSF\u00d6RDERUNG F\u00dcR JUNGE M\u00c4DCHEN UND FRAUEN<\/h2>\n<p>Dazu geh\u00f6ren zum Beispiel Ma\u00dfnahmen, die Zugang zu Bildung und Trainingsprogrammen erm\u00f6glichen, um h\u00f6here Einkommen und damit eine gr\u00f6\u00dfere wirtschaftliche Unabh\u00e4ngigkeit zu erreichen.<\/p>\n<p>Andere Projekte haben eine verbesserte und bezahlbare gesundheitliche Versorgung in unterentwickelten Gebieten zum Ziel oder unterst\u00fctzen Frauen beim Wiederaufbau nach Kriegs- und Krisensituationen. Selbstverst\u00e4ndlich geh\u00f6ren auch gezielte Ma\u00dfnahmen gegen institutionalisierte Gewalt an Frauen zu unseren Projekten (ZISVAW).<\/p>\n<h2>BERUFLICHE F\u00d6RDERUNG JUNGER FRAUEN<\/h2>\n<p>Neben karitativem Engagement ist aber auch die berufliche F\u00f6rderung junger Frauen ein wesentliches Ziel von Zonta International. Hierzu weden weltweit Stipendien und Preise vergeben.<\/p>\n<h2>INTERNATIONAL SERVICE PROGRAM | HILFE ZUR SELBSTHILFE<\/h2>\n<p>Von 1986 bis 1996 wurden kontinuierlich Selbsthilfeprojekte f\u00fcr Frauen in l\u00e4ndlichen Entwicklungsregionen von Afrika, Asien und S\u00fcdamerika unterst\u00fctzt. Partner war vor allem UNIFEM, der Entwicklungsfonds der Vereinten Nationen f\u00fcr die Frau. F\u00fcr dieses Engagement wurde Zonta International 1993 von UNIFEM ausgezeichnet.<\/p>\n<h2>AKTUELLE PROJEKTE<\/h2>\n<p>Im Biennium 2022 &#8211; 2024 werden\u00a0<a href=\"https:\/\/zonta-union.de\/node\/13967\" target=\"_blank\" rel=\"noopener noreferrer\" data-extlink=\"\">folgende Projekte durch den International Service Fund von Zonta International zusammen mit UNICEF gef\u00f6rdert &#8230;<\/a><\/p>\n","protected":false},"excerpt":{"rendered":"<p>ZONTA INTERNATIONAL FOUNDATION FOR WOMEN Die\u00a0Zonta International Foundation for Women\u00a0wurde<\/p>\n","protected":false},"author":1,"featured_media":0,"parent":0,"menu_order":0,"comment_status":"closed","ping_status":"closed","template":"","meta":{"footnotes":""},"class_list":["post-856","page","type-page","status-publish","hentry"],"yoast_head":"<!-- This site is optimized with the Yoast SEO plugin v27.2 - https:\/\/yoast.com\/product\/yoast-seo-wordpress\/ -->\n<title>ZONTA FOUNDATION FOR WOMEN - Zonta Club Schw\u00e4bisch Gm\u00fcnd e.V.<\/title>\n<meta name=\"description\" content=\"Die Zonta International Foundation for Women wurde 1984 von ZONTA International als unabh\u00e4ngige Organisation gegr\u00fcndet. Die Zonta International Foundation for Women finanziert die Internationalen Projekte und Auszeichnungen, betreut Einnahmen\/Ausgaben und sucht Spender und Sponsoren.\" \/>\n<meta name=\"robots\" content=\"index, follow, max-snippet:-1, max-image-preview:large, max-video-preview:-1\" \/>\n<link rel=\"canonical\" href=\"https:\/\/zonta-schwaebisch-gmuend.de\/index.php\/zonta-foundation-for-women\/\" \/>\n<meta property=\"og:locale\" content=\"de_DE\" \/>\n<meta property=\"og:type\" content=\"article\" \/>\n<meta property=\"og:title\" content=\"ZONTA FOUNDATION FOR WOMEN - Zonta Club Schw\u00e4bisch Gm\u00fcnd e.V.\" \/>\n<meta property=\"og:description\" content=\"Die Zonta International Foundation for Women wurde 1984 von ZONTA International als unabh\u00e4ngige Organisation gegr\u00fcndet. Die Zonta International Foundation for Women finanziert die Internationalen Projekte und Auszeichnungen, betreut Einnahmen\/Ausgaben und sucht Spender und Sponsoren.\" \/>\n<meta property=\"og:url\" content=\"https:\/\/zonta-schwaebisch-gmuend.de\/index.php\/zonta-foundation-for-women\/\" \/>\n<meta property=\"og:site_name\" content=\"Zonta Club Schw\u00e4bisch Gm\u00fcnd e.V.\" \/>\n<meta property=\"article:modified_time\" content=\"2024-05-06T21:47:06+00:00\" \/>\n<meta name=\"twitter:card\" content=\"summary_large_image\" \/>\n<meta name=\"twitter:label1\" content=\"Gesch\u00e4tzte Lesezeit\" \/>\n\t<meta name=\"twitter:data1\" content=\"3\u00a0Minuten\" \/>\n<script type=\"application\/ld+json\" class=\"yoast-schema-graph\">{\"@context\":\"https:\/\/schema.org\",\"@graph\":[{\"@type\":\"WebPage\",\"@id\":\"https:\/\/zonta-schwaebisch-gmuend.de\/index.php\/zonta-foundation-for-women\/\",\"url\":\"https:\/\/zonta-schwaebisch-gmuend.de\/index.php\/zonta-foundation-for-women\/\",\"name\":\"ZONTA FOUNDATION FOR WOMEN - Zonta Club Schw\u00e4bisch Gm\u00fcnd e.V.\",\"isPartOf\":{\"@id\":\"https:\/\/zonta-schwaebisch-gmuend.de\/#website\"},\"datePublished\":\"2023-10-15T14:52:51+00:00\",\"dateModified\":\"2024-05-06T21:47:06+00:00\",\"description\":\"Die Zonta International Foundation for Women wurde 1984 von ZONTA International als unabh\u00e4ngige Organisation gegr\u00fcndet. Die Zonta International Foundation for Women finanziert die Internationalen Projekte und Auszeichnungen, betreut Einnahmen\/Ausgaben und sucht Spender und Sponsoren.\",\"breadcrumb\":{\"@id\":\"https:\/\/zonta-schwaebisch-gmuend.de\/index.php\/zonta-foundation-for-women\/#breadcrumb\"},\"inLanguage\":\"de\",\"potentialAction\":[{\"@type\":\"ReadAction\",\"target\":[\"https:\/\/zonta-schwaebisch-gmuend.de\/index.php\/zonta-foundation-for-women\/\"]}]},{\"@type\":\"BreadcrumbList\",\"@id\":\"https:\/\/zonta-schwaebisch-gmuend.de\/index.php\/zonta-foundation-for-women\/#breadcrumb\",\"itemListElement\":[{\"@type\":\"ListItem\",\"position\":1,\"name\":\"Startseite\",\"item\":\"https:\/\/zonta-schwaebisch-gmuend.de\/\"},{\"@type\":\"ListItem\",\"position\":2,\"name\":\"ZONTA FOUNDATION FOR WOMEN\"}]},{\"@type\":\"WebSite\",\"@id\":\"https:\/\/zonta-schwaebisch-gmuend.de\/#website\",\"url\":\"https:\/\/zonta-schwaebisch-gmuend.de\/\",\"name\":\"Zonta Club Schw\u00e4bisch Gm\u00fcnd e.V.\",\"description\":\"\",\"publisher\":{\"@id\":\"https:\/\/zonta-schwaebisch-gmuend.de\/#organization\"},\"potentialAction\":[{\"@type\":\"SearchAction\",\"target\":{\"@type\":\"EntryPoint\",\"urlTemplate\":\"https:\/\/zonta-schwaebisch-gmuend.de\/?s={search_term_string}\"},\"query-input\":{\"@type\":\"PropertyValueSpecification\",\"valueRequired\":true,\"valueName\":\"search_term_string\"}}],\"inLanguage\":\"de\"},{\"@type\":\"Organization\",\"@id\":\"https:\/\/zonta-schwaebisch-gmuend.de\/#organization\",\"name\":\"Zonta Club Schw\u00e4bisch Gm\u00fcnd e.V.\",\"url\":\"https:\/\/zonta-schwaebisch-gmuend.de\/\",\"logo\":{\"@type\":\"ImageObject\",\"inLanguage\":\"de\",\"@id\":\"https:\/\/zonta-schwaebisch-gmuend.de\/#\/schema\/logo\/image\/\",\"url\":\"https:\/\/zonta-schwaebisch-gmuend.de\/wp-content\/uploads\/2023\/08\/Zonta-Club-of-Schwaebisch-Gmuend-Logo_New-Tag_Horizontal_Color-2.png\",\"contentUrl\":\"https:\/\/zonta-schwaebisch-gmuend.de\/wp-content\/uploads\/2023\/08\/Zonta-Club-of-Schwaebisch-Gmuend-Logo_New-Tag_Horizontal_Color-2.png\",\"width\":4738,\"height\":1546,\"caption\":\"Zonta Club Schw\u00e4bisch Gm\u00fcnd e.V.\"},\"image\":{\"@id\":\"https:\/\/zonta-schwaebisch-gmuend.de\/#\/schema\/logo\/image\/\"},\"sameAs\":[\"https:\/\/www.instagram.com\/zontaschwaebischgmuend\/\"]}]}<\/script>\n<!-- \/ Yoast SEO plugin. -->","yoast_head_json":{"title":"ZONTA FOUNDATION FOR WOMEN - Zonta Club Schw\u00e4bisch Gm\u00fcnd e.V.","description":"Die Zonta International Foundation for Women wurde 1984 von ZONTA International als unabh\u00e4ngige Organisation gegr\u00fcndet. Die Zonta International Foundation for Women finanziert die Internationalen Projekte und Auszeichnungen, betreut Einnahmen\/Ausgaben und sucht Spender und Sponsoren.","robots":{"index":"index","follow":"follow","max-snippet":"max-snippet:-1","max-image-preview":"max-image-preview:large","max-video-preview":"max-video-preview:-1"},"canonical":"https:\/\/zonta-schwaebisch-gmuend.de\/index.php\/zonta-foundation-for-women\/","og_locale":"de_DE","og_type":"article","og_title":"ZONTA FOUNDATION FOR WOMEN - Zonta Club Schw\u00e4bisch Gm\u00fcnd e.V.","og_description":"Die Zonta International Foundation for Women wurde 1984 von ZONTA International als unabh\u00e4ngige Organisation gegr\u00fcndet. Die Zonta International Foundation for Women finanziert die Internationalen Projekte und Auszeichnungen, betreut Einnahmen\/Ausgaben und sucht Spender und Sponsoren.","og_url":"https:\/\/zonta-schwaebisch-gmuend.de\/index.php\/zonta-foundation-for-women\/","og_site_name":"Zonta Club Schw\u00e4bisch Gm\u00fcnd e.V.","article_modified_time":"2024-05-06T21:47:06+00:00","twitter_card":"summary_large_image","twitter_misc":{"Gesch\u00e4tzte Lesezeit":"3\u00a0Minuten"},"schema":{"@context":"https:\/\/schema.org","@graph":[{"@type":"WebPage","@id":"https:\/\/zonta-schwaebisch-gmuend.de\/index.php\/zonta-foundation-for-women\/","url":"https:\/\/zonta-schwaebisch-gmuend.de\/index.php\/zonta-foundation-for-women\/","name":"ZONTA FOUNDATION FOR WOMEN - Zonta Club Schw\u00e4bisch Gm\u00fcnd e.V.","isPartOf":{"@id":"https:\/\/zonta-schwaebisch-gmuend.de\/#website"},"datePublished":"2023-10-15T14:52:51+00:00","dateModified":"2024-05-06T21:47:06+00:00","description":"Die Zonta International Foundation for Women wurde 1984 von ZONTA International als unabh\u00e4ngige Organisation gegr\u00fcndet. Die Zonta International Foundation for Women finanziert die Internationalen Projekte und Auszeichnungen, betreut Einnahmen\/Ausgaben und sucht Spender und Sponsoren.","breadcrumb":{"@id":"https:\/\/zonta-schwaebisch-gmuend.de\/index.php\/zonta-foundation-for-women\/#breadcrumb"},"inLanguage":"de","potentialAction":[{"@type":"ReadAction","target":["https:\/\/zonta-schwaebisch-gmuend.de\/index.php\/zonta-foundation-for-women\/"]}]},{"@type":"BreadcrumbList","@id":"https:\/\/zonta-schwaebisch-gmuend.de\/index.php\/zonta-foundation-for-women\/#breadcrumb","itemListElement":[{"@type":"ListItem","position":1,"name":"Startseite","item":"https:\/\/zonta-schwaebisch-gmuend.de\/"},{"@type":"ListItem","position":2,"name":"ZONTA FOUNDATION FOR WOMEN"}]},{"@type":"WebSite","@id":"https:\/\/zonta-schwaebisch-gmuend.de\/#website","url":"https:\/\/zonta-schwaebisch-gmuend.de\/","name":"Zonta Club Schw\u00e4bisch Gm\u00fcnd e.V.","description":"","publisher":{"@id":"https:\/\/zonta-schwaebisch-gmuend.de\/#organization"},"potentialAction":[{"@type":"SearchAction","target":{"@type":"EntryPoint","urlTemplate":"https:\/\/zonta-schwaebisch-gmuend.de\/?s={search_term_string}"},"query-input":{"@type":"PropertyValueSpecification","valueRequired":true,"valueName":"search_term_string"}}],"inLanguage":"de"},{"@type":"Organization","@id":"https:\/\/zonta-schwaebisch-gmuend.de\/#organization","name":"Zonta Club Schw\u00e4bisch Gm\u00fcnd e.V.","url":"https:\/\/zonta-schwaebisch-gmuend.de\/","logo":{"@type":"ImageObject","inLanguage":"de","@id":"https:\/\/zonta-schwaebisch-gmuend.de\/#\/schema\/logo\/image\/","url":"https:\/\/zonta-schwaebisch-gmuend.de\/wp-content\/uploads\/2023\/08\/Zonta-Club-of-Schwaebisch-Gmuend-Logo_New-Tag_Horizontal_Color-2.png","contentUrl":"https:\/\/zonta-schwaebisch-gmuend.de\/wp-content\/uploads\/2023\/08\/Zonta-Club-of-Schwaebisch-Gmuend-Logo_New-Tag_Horizontal_Color-2.png","width":4738,"height":1546,"caption":"Zonta Club Schw\u00e4bisch Gm\u00fcnd e.V."},"image":{"@id":"https:\/\/zonta-schwaebisch-gmuend.de\/#\/schema\/logo\/image\/"},"sameAs":["https:\/\/www.instagram.com\/zontaschwaebischgmuend\/"]}]}},"_links":{"self":[{"href":"https:\/\/zonta-schwaebisch-gmuend.de\/index.php\/wp-json\/wp\/v2\/pages\/856","targetHints":{"allow":["GET"]}}],"collection":[{"href":"https:\/\/zonta-schwaebisch-gmuend.de\/index.php\/wp-json\/wp\/v2\/pages"}],"about":[{"href":"https:\/\/zonta-schwaebisch-gmuend.de\/index.php\/wp-json\/wp\/v2\/types\/page"}],"author":[{"embeddable":true,"href":"https:\/\/zonta-schwaebisch-gmuend.de\/index.php\/wp-json\/wp\/v2\/users\/1"}],"replies":[{"embeddable":true,"href":"https:\/\/zonta-schwaebisch-gmuend.de\/index.php\/wp-json\/wp\/v2\/comments?post=856"}],"version-history":[{"count":1,"href":"https:\/\/zonta-schwaebisch-gmuend.de\/index.php\/wp-json\/wp\/v2\/pages\/856\/revisions"}],"predecessor-version":[{"id":860,"href":"https:\/\/zonta-schwaebisch-gmuend.de\/index.php\/wp-json\/wp\/v2\/pages\/856\/revisions\/860"}],"wp:attachment":[{"href":"https:\/\/zonta-schwaebisch-gmuend.de\/index.php\/wp-json\/wp\/v2\/media?parent=856"}],"curies":[{"name":"wp","href":"https:\/\/api.w.org\/{rel}","templated":true}]}}