{"id":855,"date":"2023-10-15T16:52:29","date_gmt":"2023-10-15T14:52:29","guid":{"rendered":"https:\/\/app.on25space.com\/manager\/workspace\/20230716195604\/?page_id=855"},"modified":"2024-05-06T23:47:13","modified_gmt":"2024-05-06T21:47:13","slug":"zonta-in-deutschland","status":"publish","type":"page","link":"https:\/\/zonta-schwaebisch-gmuend.de\/index.php\/zonta-in-deutschland\/","title":{"rendered":"ZONTA IN DEUTSCHLAND"},"content":{"rendered":"<div class=\"fusion-fullwidth fullwidth-box fusion-builder-row-1 fusion-flex-container nonhundred-percent-fullwidth non-hundred-percent-height-scrolling fusion-custom-z-index\" style=\"--awb-border-radius-top-left:0px;--awb-border-radius-top-right:0px;--awb-border-radius-bottom-right:0px;--awb-border-radius-bottom-left:0px;--awb-z-index:0;--awb-flex-wrap:wrap;\" ><div class=\"fusion-builder-row fusion-row fusion-flex-align-items-flex-start fusion-flex-content-wrap\" style=\"max-width:1248px;margin-left: calc(-4% \/ 2 );margin-right: calc(-4% \/ 2 );\"><div class=\"fusion-layout-column fusion_builder_column fusion-builder-column-0 fusion_builder_column_1_1 1_1 fusion-flex-column\" style=\"--awb-bg-blend:overlay;--awb-bg-size:cover;--awb-width-large:100%;--awb-margin-top-large:0px;--awb-spacing-right-large:1.92%;--awb-margin-bottom-large:0px;--awb-spacing-left-large:1.92%;--awb-width-medium:100%;--awb-spacing-right-medium:1.92%;--awb-spacing-left-medium:1.92%;--awb-width-small:100%;--awb-spacing-right-small:1.92%;--awb-spacing-left-small:1.92%;\"><div class=\"fusion-column-wrapper fusion-flex-justify-content-flex-start fusion-content-layout-column\"><div class=\"fusion-text fusion-text-1\"><h2 class=\"\" style=\"--fontsize: 40; line-height: 1.16; font-family: Carlito; font-weight: 400;\" data-fontsize=\"40\" data-lineheight=\"46.4px\" data-fusion-font=\"true\" data-fusion-google-font=\"Carlito\" data-fusion-google-variant=\"400\">DIE UNION DEUTSCHER ZONTA CLUBS<\/h2>\n<p>Die Union deutscher Zonta Clubs (UdZC) ist der Zusammenschluss aller deutschen Zonta Clubs mit dem Ziel, die Verbindung deutscher Zonta Clubs untereinander aufrecht zu erhalten und zu pflegen. Ihre Ziele sind die von Zonta International.<\/p>\n<p>Insbesondere ist die Union deutscher Zonta Clubs eine gemeinsame Plattform f\u00fcr Presse- und \u00d6ffentlichkeitsarbeit zur Umsetzung der Ziele von Zonta International in Deutschland.<\/p>\n<p>Weitere Informationen finden Sie unter <a href=\"https:\/\/zonta-union.de\/\" target=\"_blank\" rel=\"noopener noreferrer\"><u><b>https:\/\/zonta-union.de\/<\/b><\/u><\/a><\/p>\n<h2 class=\"\" style=\"--fontsize: 40; line-height: 1.16; font-family: Carlito; font-weight: 400;\" data-fontsize=\"40\" data-lineheight=\"46.4px\" data-fusion-font=\"true\" data-fusion-google-font=\"Carlito\" data-fusion-google-variant=\"400\">GESTERN UND HEUTE<\/h2>\n<p>1931 wurde der erste deutsche Zonta Club in Hamburg gegr\u00fcndet. Zur n\u00e4chsten Clubgr\u00fcndung kam es nach dem zweiten Weltkrieg 1952 in M\u00fcnchen, weitere folgten nach kurzer Zeit.<\/p>\n<p>In Berlin fanden sich nach dem Mauerfall 1989 Frauen aus West und Ost zu einem Club zusammen. 1992 entstanden in Leipzig und Weimar die ersten Clubs in den neuen Bundesl\u00e4ndern.<\/p>\n<p>In Deutschland steigt die Anzahl der Clubs kontinuierlich. Aktuell verzeichnen wir 136 Clubs mit \u00fcber 4.000 Mitgliedern.<\/p>\n<h2 class=\"\" style=\"--fontsize: 40; line-height: 1.16;\" data-fontsize=\"40\" data-lineheight=\"46.4px\">DAS GEMEINSAME ZIEL<\/h2>\n<p>Unser Ziel ist es, Kontakte zwischen Frauen verschiedener Nationen und generell die internationale Verst\u00e4ndigung zu f\u00f6rdern.<\/p>\n<p>Unsere Mitglieder vertreten eine hohe ethische Berufsauffassung und treten daf\u00fcr ein, staatsb\u00fcrgerliche, soziale und kulturelle Aufgabe zu st\u00e4rken und sich f\u00fcr deren Erf\u00fcllung einzusetzen. Daf\u00fcr haben wir auf lokaler, nationaler und internationaler Ebene Programme, Projekte, Preise und Stipendien (<a href=\"https:\/\/www2.zonta-union.de\/node\/14003\" target=\"_blank\" rel=\"noopener noreferrer\" data-extlink=\"\">Zonta International Foundation<span class=\"ext\"><span class=\"element-invisible\">(link is external)<\/span><\/span><\/a>).<\/p>\n<h3 class=\"\" style=\"--fontsize: 32; line-height: 1.3;\" data-fontsize=\"32\" data-lineheight=\"41.6px\">GEMEINSAMER SERVICE<\/h3>\n<p>Die Mitglieder jedes Clubs w\u00e4hlen ihre eigenen lokalen Service-Projekte. Sie f\u00f6rdern und unterst\u00fctzen Frauen und M\u00e4dchen vor Ort.<\/p>\n<h3 class=\"\" style=\"--fontsize: 32; line-height: 1.3;\" data-fontsize=\"32\" data-lineheight=\"41.6px\"><a href=\"https:\/\/www2.zonta-union.de\/club-vor-ort\" target=\"_blank\" rel=\"noopener noreferrer\" data-extlink=\"\">ZUR \u00dcBERSICHT CLUBS VOR ORT<span class=\"ext\"><span class=\"element-invisible\">(LINK IS EXTERNAL)<\/span><\/span><\/a><\/h3>\n<p><iframe src=\"https:\/\/www.google.com\/maps\/d\/embed?mid=175k67oXGpGDXfauDzZF1vmgeEFDUFB7C&amp;hl=de\" width=\"640\" height=\"480\" data-mce-fragment=\"1\"><\/iframe><\/p>\n<\/div><\/div><\/div><\/div><\/div>\n","protected":false},"excerpt":{"rendered":"","protected":false},"author":1,"featured_media":0,"parent":0,"menu_order":0,"comment_status":"closed","ping_status":"closed","template":"","meta":{"footnotes":""},"class_list":["post-855","page","type-page","status-publish","hentry"],"yoast_head":"<!-- This site is optimized with the Yoast SEO plugin v27.2 - https:\/\/yoast.com\/product\/yoast-seo-wordpress\/ -->\n<title>ZONTA IN DEUTSCHLAND - Zonta Club Schw\u00e4bisch Gm\u00fcnd e.V.<\/title>\n<meta name=\"description\" content=\"Die Union deutscher Zonta Clubs (UdZC) ist der Zusammenschluss aller deutschen Zonta Clubs mit dem Ziel, die Verbindung deutscher Zonta Clubs untereinander aufrecht zu erhalten und zu pflegen. Ihre Ziele sind die von Zonta International.\" \/>\n<meta name=\"robots\" content=\"index, follow, max-snippet:-1, max-image-preview:large, max-video-preview:-1\" \/>\n<link rel=\"canonical\" href=\"https:\/\/zonta-schwaebisch-gmuend.de\/index.php\/zonta-in-deutschland\/\" \/>\n<meta property=\"og:locale\" content=\"de_DE\" \/>\n<meta property=\"og:type\" content=\"article\" \/>\n<meta property=\"og:title\" content=\"ZONTA IN DEUTSCHLAND - Zonta Club Schw\u00e4bisch Gm\u00fcnd e.V.\" \/>\n<meta property=\"og:description\" content=\"Die Union deutscher Zonta Clubs (UdZC) ist der Zusammenschluss aller deutschen Zonta Clubs mit dem Ziel, die Verbindung deutscher Zonta Clubs untereinander aufrecht zu erhalten und zu pflegen. Ihre Ziele sind die von Zonta International.\" \/>\n<meta property=\"og:url\" content=\"https:\/\/zonta-schwaebisch-gmuend.de\/index.php\/zonta-in-deutschland\/\" \/>\n<meta property=\"og:site_name\" content=\"Zonta Club Schw\u00e4bisch Gm\u00fcnd e.V.\" \/>\n<meta property=\"article:modified_time\" content=\"2024-05-06T21:47:13+00:00\" \/>\n<meta name=\"twitter:card\" content=\"summary_large_image\" \/>\n<meta name=\"twitter:label1\" content=\"Gesch\u00e4tzte Lesezeit\" \/>\n\t<meta name=\"twitter:data1\" content=\"2\u00a0Minuten\" \/>\n<script type=\"application\/ld+json\" class=\"yoast-schema-graph\">{\"@context\":\"https:\/\/schema.org\",\"@graph\":[{\"@type\":\"WebPage\",\"@id\":\"https:\/\/zonta-schwaebisch-gmuend.de\/index.php\/zonta-in-deutschland\/\",\"url\":\"https:\/\/zonta-schwaebisch-gmuend.de\/index.php\/zonta-in-deutschland\/\",\"name\":\"ZONTA IN DEUTSCHLAND - Zonta Club Schw\u00e4bisch Gm\u00fcnd e.V.\",\"isPartOf\":{\"@id\":\"https:\/\/zonta-schwaebisch-gmuend.de\/#website\"},\"datePublished\":\"2023-10-15T14:52:29+00:00\",\"dateModified\":\"2024-05-06T21:47:13+00:00\",\"description\":\"Die Union deutscher Zonta Clubs (UdZC) ist der Zusammenschluss aller deutschen Zonta Clubs mit dem Ziel, die Verbindung deutscher Zonta Clubs untereinander aufrecht zu erhalten und zu pflegen. Ihre Ziele sind die von Zonta International.\",\"breadcrumb\":{\"@id\":\"https:\/\/zonta-schwaebisch-gmuend.de\/index.php\/zonta-in-deutschland\/#breadcrumb\"},\"inLanguage\":\"de\",\"potentialAction\":[{\"@type\":\"ReadAction\",\"target\":[\"https:\/\/zonta-schwaebisch-gmuend.de\/index.php\/zonta-in-deutschland\/\"]}]},{\"@type\":\"BreadcrumbList\",\"@id\":\"https:\/\/zonta-schwaebisch-gmuend.de\/index.php\/zonta-in-deutschland\/#breadcrumb\",\"itemListElement\":[{\"@type\":\"ListItem\",\"position\":1,\"name\":\"Startseite\",\"item\":\"https:\/\/zonta-schwaebisch-gmuend.de\/\"},{\"@type\":\"ListItem\",\"position\":2,\"name\":\"ZONTA IN DEUTSCHLAND\"}]},{\"@type\":\"WebSite\",\"@id\":\"https:\/\/zonta-schwaebisch-gmuend.de\/#website\",\"url\":\"https:\/\/zonta-schwaebisch-gmuend.de\/\",\"name\":\"Zonta Club Schw\u00e4bisch Gm\u00fcnd e.V.\",\"description\":\"\",\"publisher\":{\"@id\":\"https:\/\/zonta-schwaebisch-gmuend.de\/#organization\"},\"potentialAction\":[{\"@type\":\"SearchAction\",\"target\":{\"@type\":\"EntryPoint\",\"urlTemplate\":\"https:\/\/zonta-schwaebisch-gmuend.de\/?s={search_term_string}\"},\"query-input\":{\"@type\":\"PropertyValueSpecification\",\"valueRequired\":true,\"valueName\":\"search_term_string\"}}],\"inLanguage\":\"de\"},{\"@type\":\"Organization\",\"@id\":\"https:\/\/zonta-schwaebisch-gmuend.de\/#organization\",\"name\":\"Zonta Club Schw\u00e4bisch Gm\u00fcnd e.V.\",\"url\":\"https:\/\/zonta-schwaebisch-gmuend.de\/\",\"logo\":{\"@type\":\"ImageObject\",\"inLanguage\":\"de\",\"@id\":\"https:\/\/zonta-schwaebisch-gmuend.de\/#\/schema\/logo\/image\/\",\"url\":\"https:\/\/zonta-schwaebisch-gmuend.de\/wp-content\/uploads\/2023\/08\/Zonta-Club-of-Schwaebisch-Gmuend-Logo_New-Tag_Horizontal_Color-2.png\",\"contentUrl\":\"https:\/\/zonta-schwaebisch-gmuend.de\/wp-content\/uploads\/2023\/08\/Zonta-Club-of-Schwaebisch-Gmuend-Logo_New-Tag_Horizontal_Color-2.png\",\"width\":4738,\"height\":1546,\"caption\":\"Zonta Club Schw\u00e4bisch Gm\u00fcnd e.V.\"},\"image\":{\"@id\":\"https:\/\/zonta-schwaebisch-gmuend.de\/#\/schema\/logo\/image\/\"},\"sameAs\":[\"https:\/\/www.instagram.com\/zontaschwaebischgmuend\/\"]}]}<\/script>\n<!-- \/ Yoast SEO plugin. -->","yoast_head_json":{"title":"ZONTA IN DEUTSCHLAND - Zonta Club Schw\u00e4bisch Gm\u00fcnd e.V.","description":"Die Union deutscher Zonta Clubs (UdZC) ist der Zusammenschluss aller deutschen Zonta Clubs mit dem Ziel, die Verbindung deutscher Zonta Clubs untereinander aufrecht zu erhalten und zu pflegen. Ihre Ziele sind die von Zonta International.","robots":{"index":"index","follow":"follow","max-snippet":"max-snippet:-1","max-image-preview":"max-image-preview:large","max-video-preview":"max-video-preview:-1"},"canonical":"https:\/\/zonta-schwaebisch-gmuend.de\/index.php\/zonta-in-deutschland\/","og_locale":"de_DE","og_type":"article","og_title":"ZONTA IN DEUTSCHLAND - Zonta Club Schw\u00e4bisch Gm\u00fcnd e.V.","og_description":"Die Union deutscher Zonta Clubs (UdZC) ist der Zusammenschluss aller deutschen Zonta Clubs mit dem Ziel, die Verbindung deutscher Zonta Clubs untereinander aufrecht zu erhalten und zu pflegen. Ihre Ziele sind die von Zonta International.","og_url":"https:\/\/zonta-schwaebisch-gmuend.de\/index.php\/zonta-in-deutschland\/","og_site_name":"Zonta Club Schw\u00e4bisch Gm\u00fcnd e.V.","article_modified_time":"2024-05-06T21:47:13+00:00","twitter_card":"summary_large_image","twitter_misc":{"Gesch\u00e4tzte Lesezeit":"2\u00a0Minuten"},"schema":{"@context":"https:\/\/schema.org","@graph":[{"@type":"WebPage","@id":"https:\/\/zonta-schwaebisch-gmuend.de\/index.php\/zonta-in-deutschland\/","url":"https:\/\/zonta-schwaebisch-gmuend.de\/index.php\/zonta-in-deutschland\/","name":"ZONTA IN DEUTSCHLAND - Zonta Club Schw\u00e4bisch Gm\u00fcnd e.V.","isPartOf":{"@id":"https:\/\/zonta-schwaebisch-gmuend.de\/#website"},"datePublished":"2023-10-15T14:52:29+00:00","dateModified":"2024-05-06T21:47:13+00:00","description":"Die Union deutscher Zonta Clubs (UdZC) ist der Zusammenschluss aller deutschen Zonta Clubs mit dem Ziel, die Verbindung deutscher Zonta Clubs untereinander aufrecht zu erhalten und zu pflegen. Ihre Ziele sind die von Zonta International.","breadcrumb":{"@id":"https:\/\/zonta-schwaebisch-gmuend.de\/index.php\/zonta-in-deutschland\/#breadcrumb"},"inLanguage":"de","potentialAction":[{"@type":"ReadAction","target":["https:\/\/zonta-schwaebisch-gmuend.de\/index.php\/zonta-in-deutschland\/"]}]},{"@type":"BreadcrumbList","@id":"https:\/\/zonta-schwaebisch-gmuend.de\/index.php\/zonta-in-deutschland\/#breadcrumb","itemListElement":[{"@type":"ListItem","position":1,"name":"Startseite","item":"https:\/\/zonta-schwaebisch-gmuend.de\/"},{"@type":"ListItem","position":2,"name":"ZONTA IN DEUTSCHLAND"}]},{"@type":"WebSite","@id":"https:\/\/zonta-schwaebisch-gmuend.de\/#website","url":"https:\/\/zonta-schwaebisch-gmuend.de\/","name":"Zonta Club Schw\u00e4bisch Gm\u00fcnd e.V.","description":"","publisher":{"@id":"https:\/\/zonta-schwaebisch-gmuend.de\/#organization"},"potentialAction":[{"@type":"SearchAction","target":{"@type":"EntryPoint","urlTemplate":"https:\/\/zonta-schwaebisch-gmuend.de\/?s={search_term_string}"},"query-input":{"@type":"PropertyValueSpecification","valueRequired":true,"valueName":"search_term_string"}}],"inLanguage":"de"},{"@type":"Organization","@id":"https:\/\/zonta-schwaebisch-gmuend.de\/#organization","name":"Zonta Club Schw\u00e4bisch Gm\u00fcnd e.V.","url":"https:\/\/zonta-schwaebisch-gmuend.de\/","logo":{"@type":"ImageObject","inLanguage":"de","@id":"https:\/\/zonta-schwaebisch-gmuend.de\/#\/schema\/logo\/image\/","url":"https:\/\/zonta-schwaebisch-gmuend.de\/wp-content\/uploads\/2023\/08\/Zonta-Club-of-Schwaebisch-Gmuend-Logo_New-Tag_Horizontal_Color-2.png","contentUrl":"https:\/\/zonta-schwaebisch-gmuend.de\/wp-content\/uploads\/2023\/08\/Zonta-Club-of-Schwaebisch-Gmuend-Logo_New-Tag_Horizontal_Color-2.png","width":4738,"height":1546,"caption":"Zonta Club Schw\u00e4bisch Gm\u00fcnd e.V."},"image":{"@id":"https:\/\/zonta-schwaebisch-gmuend.de\/#\/schema\/logo\/image\/"},"sameAs":["https:\/\/www.instagram.com\/zontaschwaebischgmuend\/"]}]}},"_links":{"self":[{"href":"https:\/\/zonta-schwaebisch-gmuend.de\/index.php\/wp-json\/wp\/v2\/pages\/855","targetHints":{"allow":["GET"]}}],"collection":[{"href":"https:\/\/zonta-schwaebisch-gmuend.de\/index.php\/wp-json\/wp\/v2\/pages"}],"about":[{"href":"https:\/\/zonta-schwaebisch-gmuend.de\/index.php\/wp-json\/wp\/v2\/types\/page"}],"author":[{"embeddable":true,"href":"https:\/\/zonta-schwaebisch-gmuend.de\/index.php\/wp-json\/wp\/v2\/users\/1"}],"replies":[{"embeddable":true,"href":"https:\/\/zonta-schwaebisch-gmuend.de\/index.php\/wp-json\/wp\/v2\/comments?post=855"}],"version-history":[{"count":6,"href":"https:\/\/zonta-schwaebisch-gmuend.de\/index.php\/wp-json\/wp\/v2\/pages\/855\/revisions"}],"predecessor-version":[{"id":1303,"href":"https:\/\/zonta-schwaebisch-gmuend.de\/index.php\/wp-json\/wp\/v2\/pages\/855\/revisions\/1303"}],"wp:attachment":[{"href":"https:\/\/zonta-schwaebisch-gmuend.de\/index.php\/wp-json\/wp\/v2\/media?parent=855"}],"curies":[{"name":"wp","href":"https:\/\/api.w.org\/{rel}","templated":true}]}}