{"id":852,"date":"2023-10-15T16:50:29","date_gmt":"2023-10-15T14:50:29","guid":{"rendered":"https:\/\/app.on25space.com\/manager\/workspace\/20230716195604\/?page_id=852"},"modified":"2024-05-06T23:47:31","modified_gmt":"2024-05-06T21:47:31","slug":"zonta-international","status":"publish","type":"page","link":"https:\/\/zonta-schwaebisch-gmuend.de\/index.php\/zonta-international\/","title":{"rendered":"ZONTA INTERNATIONAL"},"content":{"rendered":"<div class=\"fusion-fullwidth fullwidth-box fusion-builder-row-1 fusion-flex-container nonhundred-percent-fullwidth non-hundred-percent-height-scrolling fusion-custom-z-index\" style=\"--awb-border-radius-top-left:0px;--awb-border-radius-top-right:0px;--awb-border-radius-bottom-right:0px;--awb-border-radius-bottom-left:0px;--awb-z-index:0;--awb-flex-wrap:wrap;\" ><div class=\"fusion-builder-row fusion-row fusion-flex-align-items-flex-start fusion-flex-content-wrap\" style=\"max-width:1248px;margin-left: calc(-4% \/ 2 );margin-right: calc(-4% \/ 2 );\"><div class=\"fusion-layout-column fusion_builder_column fusion-builder-column-0 fusion_builder_column_1_1 1_1 fusion-flex-column\" style=\"--awb-bg-blend:overlay;--awb-bg-size:cover;--awb-width-large:100%;--awb-margin-top-large:0px;--awb-spacing-right-large:1.92%;--awb-margin-bottom-large:0px;--awb-spacing-left-large:1.92%;--awb-width-medium:100%;--awb-spacing-right-medium:1.92%;--awb-spacing-left-medium:1.92%;--awb-width-small:100%;--awb-spacing-right-small:1.92%;--awb-spacing-left-small:1.92%;\"><div class=\"fusion-column-wrapper fusion-flex-justify-content-flex-start fusion-content-layout-column\"><div class=\"fusion-text fusion-text-1\"><h2 class=\"\" style=\"--fontsize: 40; line-height: 1.16; font-family: Carlito; font-weight: 400;\" data-fontsize=\"40\" data-lineheight=\"46.4px\" data-fusion-font=\"true\" data-fusion-google-font=\"Carlito\" data-fusion-google-variant=\"400\">WER WIR SIND<\/h2>\n<p>Zonta International (ZI) ist ein weltweiter Zusammenschluss berufst\u00e4tiger Frauen in verantwortungsvollen Positionen. Ihr gemeinsames Ziel: die Lebenssituation von Frauen im rechtlichen, politischen, wirtschaftlichen und beruflichen Bereich zu verbessern.<\/p>\n<p>Zonta International ist \u00fcberparteilich, \u00fcberkonfessionell und weltanschaulich neutral. Pflege von Freundschaft und gegenseitige Hilfe ist ein wesentliches Element unseres Zusammenseins. Daf\u00fcr steht das Motto &#8222;Zonta ist Begegnung &#8211; weltweit&#8220;.<\/p>\n<p>Weitere Informationen finden Sie unter <u><b><a href=\"https:\/\/www.zonta.org\/\" target=\"_blank\" rel=\"noopener noreferrer\">https:\/\/www.zonta.org\/<\/a><\/b><\/u><\/p>\n<h2 class=\"\" style=\"--fontsize: 40; line-height: 1.16;\" data-fontsize=\"40\" data-lineheight=\"46.4px\">WELTWEITE VIELFALT<\/h2>\n<p>Weltweit bestehen in 63 L\u00e4ndern \u00fcber 1.100 Clubs mit 28.000 Mitgliedern. Wir legen Wert auf Vielfalt &#8211; die Mischung von Berufen, Talenten, Generationen und unterschiedlichen Sozialisationen.<\/p>\n<h5 class=\"\" style=\"--fontsize: 24; line-height: 1.4;\" data-fontsize=\"24\" data-lineheight=\"33.6px\"><a title=\"external Link in new window | YouTube\" href=\"https:\/\/www.youtube.com\/watch?v=rirSOdVCqkU\" target=\"_blank\" rel=\"noopener noreferrer\" data-extlink=\"\">ZUM FILM DER ZONTA AREA 02\/28 &#8218;WAS IST ZONTA?&#8216; BEI YOUTUBE<span class=\"ext\"><span class=\"element-invisible\">(LINK IS EXTERNAL)<\/span><\/span><\/a><\/h5>\n<p><a title=\"external Link in new window | YouTube\" href=\"https:\/\/www.youtube.com\/watch?v=rirSOdVCqkU\" target=\"_blank\" rel=\"noopener noreferrer\" data-extlink=\"\"><span class=\"ext\"><span class=\"element-invisible\">(link is external)<\/span><\/span><\/a><\/p>\n<p><iframe id=\"player_1\" title=\"YouTube video player\" src=\"https:\/\/www.youtube.com\/embed\/rirSOdVCqkU?enablejsapi=1&amp;wmode=opaque\" width=\"560\" height=\"315\" frameborder=\"0\" data-mce-fragment=\"1\"><\/iframe><\/p>\n<p><a title=\"external Link in new window | YouTube\" href=\"https:\/\/www.youtube.com\/watch?v=rirSOdVCqkU\" target=\"_blank\" rel=\"noopener noreferrer\" data-extlink=\"\"><em>\u00a9 Zonta Area 02\/28 | weitere Credits<\/em><span class=\"ext\"><span class=\"element-invisible\">(link is external)<\/span><\/span><\/a><a href=\"https:\/\/zonta-union.de\/node\/17500\" target=\"_blank\" rel=\"noopener noreferrer\" data-extlink=\"\"><span class=\"ext\"><span class=\"element-invisible\">(link is external)<\/span><\/span><\/a><\/p>\n<h2 class=\"\" style=\"--fontsize: 40; line-height: 1.16;\" data-fontsize=\"40\" data-lineheight=\"46.4px\">NAME UND EMBLEM<\/h2>\n<p>Zonta wurde 1919 in den USA als erste weibliche Service-Organisation gegr\u00fcndet. Mehr zur Historie finden Sie in unserer <a href=\"https:\/\/www2.zonta-union.de\/node\/14001\" target=\"_blank\" rel=\"noopener noreferrer\" data-extlink=\"\">Kurzchronologie<span class=\"ext\"><span class=\"element-invisible\">(link is external)<\/span><\/span><\/a>.<\/p>\n<p>Der Name Zonta ist der Symbolsprache der amerikanischen Ureinwohner Sioux entlehnt und bedeutet ehrenhaft handeln, vertrauensw\u00fcrdig und integer sein. Die Gr\u00fcnderinnen w\u00e4hlten ihn als Anspruch an das eigene Handeln. Diese Ziele symbolisiert auch das <a href=\"https:\/\/www2.zonta-union.de\/node\/14002\" target=\"_blank\" rel=\"noopener noreferrer\" data-extlink=\"\">Zonta-Emblem<span class=\"ext\"><span class=\"element-invisible\">(link is external)<\/span><\/span><\/a>.<\/p>\n<h3 class=\"\" style=\"--fontsize: 32; line-height: 1.3;\" data-fontsize=\"32\" data-lineheight=\"41.6px\">WELTWEIT IN JEDEM CLUB<\/h3>\n<p>Die Mitglieder eines Clubs kommen aus unterschiedlichen Berufsgruppen. Diese Vielfalt geh\u00f6rt zur Zonta-Philosophie: \u00dcber den eigenen beruflichen Horizont zu schauen und Einblick in andere Berufe zu bekommen, ist f\u00fcr jedes Mitglied ein pers\u00f6nlicher Gewinn und f\u00f6rdert die gegenseitige Toleranz. In der beruflichen Vielfalt liegt die St\u00e4rke der Service-Arbeit, zu der alle Mitglieder mit ihrem K\u00f6nnen, Wissen, ihren finanziellen Mitteln und Verbindungen gezielt beitragen.<\/p>\n<h3 class=\"\" style=\"--fontsize: 32; line-height: 1.3;\" data-fontsize=\"32\" data-lineheight=\"41.6px\">DER INTERNATIONALE ZUSAMMENHALT<\/h3>\n<p>Die Clubs einer Region sind in einer &#8222;Area&#8220; zusammengefasst. Mehrere Areas bilden einen &#8222;District&#8220;, von denen es weltweit 32 gibt. Die Gesamtinteressen von Zonta International vertritt und koordiniert der internationale Vorstand &#8211; Zonta International Board mit Sitz in Chicago.<\/p>\n<p>Von der Club- bis zur obersten internationalen Ebene nehmen die Amtstr\u00e4gerinnen ihre Funktionen jeweils f\u00fcr zwei Jahre wahr &#8211; ein Biennium. Mit dieser Organisationsform ist sichergestellt, dass jedes Mitglied auf allen Ebenen an Wahlen und Entscheidungen beteiligt ist: Innerhalb der Areas, der Distrikte und auf internationaler Ebene finden regelm\u00e4\u00dfig Konferenzen statt, bei denen Delegierte der Clubs &#8211; in der Regel die Pr\u00e4sidentinnen &#8211; f\u00fcr ihre Mitglieder sprechen, abstimmen und am Ende des Bienniums die jeweiligen Nachfolgerinnen w\u00e4hlen.<\/p>\n<\/div><\/div><\/div><\/div><\/div>\n","protected":false},"excerpt":{"rendered":"","protected":false},"author":1,"featured_media":0,"parent":0,"menu_order":0,"comment_status":"closed","ping_status":"closed","template":"","meta":{"footnotes":""},"class_list":["post-852","page","type-page","status-publish","hentry"],"yoast_head":"<!-- This site is optimized with the Yoast SEO plugin v27.2 - https:\/\/yoast.com\/product\/yoast-seo-wordpress\/ -->\n<title>ZONTA INTERNATIONAL - Zonta Club Schw\u00e4bisch Gm\u00fcnd e.V.<\/title>\n<meta name=\"description\" content=\"Zonta International (ZI) ist ein weltweiter Zusammenschluss berufst\u00e4tiger Frauen in verantwortungsvollen Positionen. Ihr gemeinsames Ziel: die Lebenssituation von Frauen im rechtlichen, politischen, wirtschaftlichen und beruflichen Bereich zu verbessern.\" \/>\n<meta name=\"robots\" content=\"index, follow, max-snippet:-1, max-image-preview:large, max-video-preview:-1\" \/>\n<link rel=\"canonical\" href=\"https:\/\/zonta-schwaebisch-gmuend.de\/index.php\/zonta-international\/\" \/>\n<meta property=\"og:locale\" content=\"de_DE\" \/>\n<meta property=\"og:type\" content=\"article\" \/>\n<meta property=\"og:title\" content=\"ZONTA INTERNATIONAL - Zonta Club Schw\u00e4bisch Gm\u00fcnd e.V.\" \/>\n<meta property=\"og:description\" content=\"Zonta International (ZI) ist ein weltweiter Zusammenschluss berufst\u00e4tiger Frauen in verantwortungsvollen Positionen. Ihr gemeinsames Ziel: die Lebenssituation von Frauen im rechtlichen, politischen, wirtschaftlichen und beruflichen Bereich zu verbessern.\" \/>\n<meta property=\"og:url\" content=\"https:\/\/zonta-schwaebisch-gmuend.de\/index.php\/zonta-international\/\" \/>\n<meta property=\"og:site_name\" content=\"Zonta Club Schw\u00e4bisch Gm\u00fcnd e.V.\" \/>\n<meta property=\"article:modified_time\" content=\"2024-05-06T21:47:31+00:00\" \/>\n<meta name=\"twitter:card\" content=\"summary_large_image\" \/>\n<meta name=\"twitter:label1\" content=\"Gesch\u00e4tzte Lesezeit\" \/>\n\t<meta name=\"twitter:data1\" content=\"3\u00a0Minuten\" \/>\n<script type=\"application\/ld+json\" class=\"yoast-schema-graph\">{\"@context\":\"https:\/\/schema.org\",\"@graph\":[{\"@type\":\"WebPage\",\"@id\":\"https:\/\/zonta-schwaebisch-gmuend.de\/index.php\/zonta-international\/\",\"url\":\"https:\/\/zonta-schwaebisch-gmuend.de\/index.php\/zonta-international\/\",\"name\":\"ZONTA INTERNATIONAL - Zonta Club Schw\u00e4bisch Gm\u00fcnd e.V.\",\"isPartOf\":{\"@id\":\"https:\/\/zonta-schwaebisch-gmuend.de\/#website\"},\"datePublished\":\"2023-10-15T14:50:29+00:00\",\"dateModified\":\"2024-05-06T21:47:31+00:00\",\"description\":\"Zonta International (ZI) ist ein weltweiter Zusammenschluss berufst\u00e4tiger Frauen in verantwortungsvollen Positionen. Ihr gemeinsames Ziel: die Lebenssituation von Frauen im rechtlichen, politischen, wirtschaftlichen und beruflichen Bereich zu verbessern.\",\"breadcrumb\":{\"@id\":\"https:\/\/zonta-schwaebisch-gmuend.de\/index.php\/zonta-international\/#breadcrumb\"},\"inLanguage\":\"de\",\"potentialAction\":[{\"@type\":\"ReadAction\",\"target\":[\"https:\/\/zonta-schwaebisch-gmuend.de\/index.php\/zonta-international\/\"]}]},{\"@type\":\"BreadcrumbList\",\"@id\":\"https:\/\/zonta-schwaebisch-gmuend.de\/index.php\/zonta-international\/#breadcrumb\",\"itemListElement\":[{\"@type\":\"ListItem\",\"position\":1,\"name\":\"Startseite\",\"item\":\"https:\/\/zonta-schwaebisch-gmuend.de\/\"},{\"@type\":\"ListItem\",\"position\":2,\"name\":\"ZONTA INTERNATIONAL\"}]},{\"@type\":\"WebSite\",\"@id\":\"https:\/\/zonta-schwaebisch-gmuend.de\/#website\",\"url\":\"https:\/\/zonta-schwaebisch-gmuend.de\/\",\"name\":\"Zonta Club Schw\u00e4bisch Gm\u00fcnd e.V.\",\"description\":\"\",\"publisher\":{\"@id\":\"https:\/\/zonta-schwaebisch-gmuend.de\/#organization\"},\"potentialAction\":[{\"@type\":\"SearchAction\",\"target\":{\"@type\":\"EntryPoint\",\"urlTemplate\":\"https:\/\/zonta-schwaebisch-gmuend.de\/?s={search_term_string}\"},\"query-input\":{\"@type\":\"PropertyValueSpecification\",\"valueRequired\":true,\"valueName\":\"search_term_string\"}}],\"inLanguage\":\"de\"},{\"@type\":\"Organization\",\"@id\":\"https:\/\/zonta-schwaebisch-gmuend.de\/#organization\",\"name\":\"Zonta Club Schw\u00e4bisch Gm\u00fcnd e.V.\",\"url\":\"https:\/\/zonta-schwaebisch-gmuend.de\/\",\"logo\":{\"@type\":\"ImageObject\",\"inLanguage\":\"de\",\"@id\":\"https:\/\/zonta-schwaebisch-gmuend.de\/#\/schema\/logo\/image\/\",\"url\":\"https:\/\/zonta-schwaebisch-gmuend.de\/wp-content\/uploads\/2023\/08\/Zonta-Club-of-Schwaebisch-Gmuend-Logo_New-Tag_Horizontal_Color-2.png\",\"contentUrl\":\"https:\/\/zonta-schwaebisch-gmuend.de\/wp-content\/uploads\/2023\/08\/Zonta-Club-of-Schwaebisch-Gmuend-Logo_New-Tag_Horizontal_Color-2.png\",\"width\":4738,\"height\":1546,\"caption\":\"Zonta Club Schw\u00e4bisch Gm\u00fcnd e.V.\"},\"image\":{\"@id\":\"https:\/\/zonta-schwaebisch-gmuend.de\/#\/schema\/logo\/image\/\"},\"sameAs\":[\"https:\/\/www.instagram.com\/zontaschwaebischgmuend\/\"]}]}<\/script>\n<!-- \/ Yoast SEO plugin. -->","yoast_head_json":{"title":"ZONTA INTERNATIONAL - Zonta Club Schw\u00e4bisch Gm\u00fcnd e.V.","description":"Zonta International (ZI) ist ein weltweiter Zusammenschluss berufst\u00e4tiger Frauen in verantwortungsvollen Positionen. Ihr gemeinsames Ziel: die Lebenssituation von Frauen im rechtlichen, politischen, wirtschaftlichen und beruflichen Bereich zu verbessern.","robots":{"index":"index","follow":"follow","max-snippet":"max-snippet:-1","max-image-preview":"max-image-preview:large","max-video-preview":"max-video-preview:-1"},"canonical":"https:\/\/zonta-schwaebisch-gmuend.de\/index.php\/zonta-international\/","og_locale":"de_DE","og_type":"article","og_title":"ZONTA INTERNATIONAL - Zonta Club Schw\u00e4bisch Gm\u00fcnd e.V.","og_description":"Zonta International (ZI) ist ein weltweiter Zusammenschluss berufst\u00e4tiger Frauen in verantwortungsvollen Positionen. Ihr gemeinsames Ziel: die Lebenssituation von Frauen im rechtlichen, politischen, wirtschaftlichen und beruflichen Bereich zu verbessern.","og_url":"https:\/\/zonta-schwaebisch-gmuend.de\/index.php\/zonta-international\/","og_site_name":"Zonta Club Schw\u00e4bisch Gm\u00fcnd e.V.","article_modified_time":"2024-05-06T21:47:31+00:00","twitter_card":"summary_large_image","twitter_misc":{"Gesch\u00e4tzte Lesezeit":"3\u00a0Minuten"},"schema":{"@context":"https:\/\/schema.org","@graph":[{"@type":"WebPage","@id":"https:\/\/zonta-schwaebisch-gmuend.de\/index.php\/zonta-international\/","url":"https:\/\/zonta-schwaebisch-gmuend.de\/index.php\/zonta-international\/","name":"ZONTA INTERNATIONAL - Zonta Club Schw\u00e4bisch Gm\u00fcnd e.V.","isPartOf":{"@id":"https:\/\/zonta-schwaebisch-gmuend.de\/#website"},"datePublished":"2023-10-15T14:50:29+00:00","dateModified":"2024-05-06T21:47:31+00:00","description":"Zonta International (ZI) ist ein weltweiter Zusammenschluss berufst\u00e4tiger Frauen in verantwortungsvollen Positionen. Ihr gemeinsames Ziel: die Lebenssituation von Frauen im rechtlichen, politischen, wirtschaftlichen und beruflichen Bereich zu verbessern.","breadcrumb":{"@id":"https:\/\/zonta-schwaebisch-gmuend.de\/index.php\/zonta-international\/#breadcrumb"},"inLanguage":"de","potentialAction":[{"@type":"ReadAction","target":["https:\/\/zonta-schwaebisch-gmuend.de\/index.php\/zonta-international\/"]}]},{"@type":"BreadcrumbList","@id":"https:\/\/zonta-schwaebisch-gmuend.de\/index.php\/zonta-international\/#breadcrumb","itemListElement":[{"@type":"ListItem","position":1,"name":"Startseite","item":"https:\/\/zonta-schwaebisch-gmuend.de\/"},{"@type":"ListItem","position":2,"name":"ZONTA INTERNATIONAL"}]},{"@type":"WebSite","@id":"https:\/\/zonta-schwaebisch-gmuend.de\/#website","url":"https:\/\/zonta-schwaebisch-gmuend.de\/","name":"Zonta Club Schw\u00e4bisch Gm\u00fcnd e.V.","description":"","publisher":{"@id":"https:\/\/zonta-schwaebisch-gmuend.de\/#organization"},"potentialAction":[{"@type":"SearchAction","target":{"@type":"EntryPoint","urlTemplate":"https:\/\/zonta-schwaebisch-gmuend.de\/?s={search_term_string}"},"query-input":{"@type":"PropertyValueSpecification","valueRequired":true,"valueName":"search_term_string"}}],"inLanguage":"de"},{"@type":"Organization","@id":"https:\/\/zonta-schwaebisch-gmuend.de\/#organization","name":"Zonta Club Schw\u00e4bisch Gm\u00fcnd e.V.","url":"https:\/\/zonta-schwaebisch-gmuend.de\/","logo":{"@type":"ImageObject","inLanguage":"de","@id":"https:\/\/zonta-schwaebisch-gmuend.de\/#\/schema\/logo\/image\/","url":"https:\/\/zonta-schwaebisch-gmuend.de\/wp-content\/uploads\/2023\/08\/Zonta-Club-of-Schwaebisch-Gmuend-Logo_New-Tag_Horizontal_Color-2.png","contentUrl":"https:\/\/zonta-schwaebisch-gmuend.de\/wp-content\/uploads\/2023\/08\/Zonta-Club-of-Schwaebisch-Gmuend-Logo_New-Tag_Horizontal_Color-2.png","width":4738,"height":1546,"caption":"Zonta Club Schw\u00e4bisch Gm\u00fcnd e.V."},"image":{"@id":"https:\/\/zonta-schwaebisch-gmuend.de\/#\/schema\/logo\/image\/"},"sameAs":["https:\/\/www.instagram.com\/zontaschwaebischgmuend\/"]}]}},"_links":{"self":[{"href":"https:\/\/zonta-schwaebisch-gmuend.de\/index.php\/wp-json\/wp\/v2\/pages\/852","targetHints":{"allow":["GET"]}}],"collection":[{"href":"https:\/\/zonta-schwaebisch-gmuend.de\/index.php\/wp-json\/wp\/v2\/pages"}],"about":[{"href":"https:\/\/zonta-schwaebisch-gmuend.de\/index.php\/wp-json\/wp\/v2\/types\/page"}],"author":[{"embeddable":true,"href":"https:\/\/zonta-schwaebisch-gmuend.de\/index.php\/wp-json\/wp\/v2\/users\/1"}],"replies":[{"embeddable":true,"href":"https:\/\/zonta-schwaebisch-gmuend.de\/index.php\/wp-json\/wp\/v2\/comments?post=852"}],"version-history":[{"count":5,"href":"https:\/\/zonta-schwaebisch-gmuend.de\/index.php\/wp-json\/wp\/v2\/pages\/852\/revisions"}],"predecessor-version":[{"id":1304,"href":"https:\/\/zonta-schwaebisch-gmuend.de\/index.php\/wp-json\/wp\/v2\/pages\/852\/revisions\/1304"}],"wp:attachment":[{"href":"https:\/\/zonta-schwaebisch-gmuend.de\/index.php\/wp-json\/wp\/v2\/media?parent=852"}],"curies":[{"name":"wp","href":"https:\/\/api.w.org\/{rel}","templated":true}]}}