{"id":819,"date":"2023-08-29T14:12:10","date_gmt":"2023-08-29T12:12:10","guid":{"rendered":"https:\/\/app.on25space.com\/manager\/workspace\/20230716195604\/?page_id=819"},"modified":"2024-03-22T08:15:18","modified_gmt":"2024-03-22T07:15:18","slug":"impressum","status":"publish","type":"page","link":"https:\/\/zonta-schwaebisch-gmuend.de\/index.php\/impressum\/","title":{"rendered":"Impressum"},"content":{"rendered":"<p><b>Zonta Club Schw\u00e4bisch Gm\u00fcnd e.V.<\/b><\/p>\n<p>Sabine Dombrowski-Riegert<br \/>\nEutighoferstr. 33\/4<br \/>\n73525 Schw\u00e4bisch Gm\u00fcnd<\/p>\n<p>Telefon:\u00a0 07171 &#8211; 779077<\/p>\n<p>E-Mail:<a title=\"\" href=\"mailto:info@zonta-schwaebisch-gmuend.de\" target=\"\" rel=\"noopener\" type=\"email\">\u00a0info@zonta-schwaebisch-gmuend.de<\/a><\/p>\n<p><a title=\"Clubpr\u00e4sidentin\" href=\"mailto:praesidentin@zonta-schwaebisch-gmuend.de\" target=\"\" rel=\"noopener\" type=\"email\">praesidentin@zonta-schwaebisch-gmuend.de<\/a><\/p>\n<p>Internet: www. zonta-schwaebisch-gmuend.de<\/p>\n<p>ab 1. 6. 2023:<\/p>\n<p>Pr\u00e4sidentin: Sabine Dombrowski-Riegert<br \/>\nVizepr\u00e4sidentin: Claudia Langenbacher<br \/>\nSchatzmeisterin: Juliane Maus<br \/>\nSchriftf\u00fchrerin: Dr. Karin Class<\/p>\n<p>bis 31.5.2023:<\/p>\n<p>Pr\u00e4sidentin: Alexandra Kammerer<br \/>\nVizepr\u00e4sidentin: Sabine Dombrowski-Riegert<br \/>\nSchatzmeisterin: Juliane Maus<br \/>\nSchriftf\u00fchrerin: Dr. Karin Class<\/p>\n<p><b>Freistellungsbescheid<\/b><\/p>\n<p>Der Zonta Club Schw\u00e4bisch Gm\u00fcnd e.V. ist durch Freistellungsbescheid vom 10.08.2022 des Finanzamtes Schw\u00e4bisch Gm\u00fcnd als gemeinn\u00fctziger Verein anerkannt.<\/p>\n<p><b>Registergericht:<\/b>\u00a0Amtsgericht Ulm<\/p>\n<p><b>Registernummer:<\/b>\u00a0VR 701018<\/p>\n<p><strong>Vertretungsberechtigter Vorstand:<br \/>\n<\/strong>Sabine Dombrowski-Riegert<br \/>\nDie amtierende Pr\u00e4sidentin des Zonta Clubs Schw\u00e4bisch Gm\u00fcnd.<\/p>\n<p><strong>Haftungshinweis:<\/strong>\u00a0Trotz sorgf\u00e4ltiger inhaltlicher Kontrolle \u00fcbernehmen wir keine Haftung f\u00fcr die Inhalte externer Links. F\u00fcr den Inhalt der verlinkten Seiten sind ausschlie\u00dflich deren Betreiber verantwortlich.<\/p>\n<p><b>Online-Streitbeilegung<\/b><br \/>\nDie Europ\u00e4ische Kommission stellt unter https:\/\/ec.europa.eu\/consumers\/odr\/ eine Plattform zur Online-Streitbeilegung bereit, die Verbraucher f\u00fcr die Beilegung einer Streitigkeit nutzen k\u00f6nnen und auf der weitere Informationen zum Thema Streitschlichtung zu finden sind.<\/p>\n<p><b>Au\u00dfergerichtliche Streitbeilegung<\/b><br \/>\nWir sind weder verpflichtet noch dazu bereit, im Falle einer Streitigkeit mit einem Verbraucher an einem Streitbeilegungsverfahren vor einer Verbraucherschlichtungsstelle teilzunehmen.<\/p>\n<p>&nbsp;<\/p>\n<p>Technische Umsetzung &amp; Hosting:<\/p>\n<p><a href=\"http:\/\/25space.com\"><img decoding=\"async\" class=\"lazyload alignnone wp-image-815\" src=\"https:\/\/app.on25space.com\/manager\/workspace\/20230716195604\/wp-content\/uploads\/2023\/08\/logo-dark.png\" data-orig-src=\"https:\/\/app.on25space.com\/manager\/workspace\/20230716195604\/wp-content\/uploads\/2023\/08\/logo-dark.png\" alt=\"\" width=\"417\" height=\"100\" srcset=\"data:image\/svg+xml,%3Csvg%20xmlns%3D%27http%3A%2F%2Fwww.w3.org%2F2000%2Fsvg%27%20width%3D%27417%27%20height%3D%27100%27%20viewBox%3D%270%200%20417%20100%27%3E%3Crect%20width%3D%27417%27%20height%3D%27100%27%20fill-opacity%3D%220%22%2F%3E%3C%2Fsvg%3E\" data-srcset=\"https:\/\/zonta-schwaebisch-gmuend.de\/wp-content\/uploads\/2023\/08\/logo-dark-200x48.png 200w, https:\/\/zonta-schwaebisch-gmuend.de\/wp-content\/uploads\/2023\/08\/logo-dark-300x72.png 300w, https:\/\/zonta-schwaebisch-gmuend.de\/wp-content\/uploads\/2023\/08\/logo-dark-400x96.png 400w, https:\/\/zonta-schwaebisch-gmuend.de\/wp-content\/uploads\/2023\/08\/logo-dark-500x120.png 500w, https:\/\/zonta-schwaebisch-gmuend.de\/wp-content\/uploads\/2023\/08\/logo-dark.png 579w\" data-sizes=\"auto\" data-orig-sizes=\"(max-width: 417px) 100vw, 417px\" \/><\/a><\/p>\n","protected":false},"excerpt":{"rendered":"<p>Zonta Club Schw\u00e4bisch Gm\u00fcnd e.V. Sabine Dombrowski-Riegert Eutighoferstr. 33\/4 73525<\/p>\n","protected":false},"author":1,"featured_media":0,"parent":0,"menu_order":0,"comment_status":"closed","ping_status":"closed","template":"","meta":{"footnotes":""},"class_list":["post-819","page","type-page","status-publish","hentry"],"yoast_head":"<!-- This site is optimized with the Yoast SEO plugin v27.2 - https:\/\/yoast.com\/product\/yoast-seo-wordpress\/ -->\n<title>Impressum - Zonta Club Schw\u00e4bisch Gm\u00fcnd e.V.<\/title>\n<meta name=\"robots\" content=\"index, follow, max-snippet:-1, max-image-preview:large, max-video-preview:-1\" \/>\n<link rel=\"canonical\" href=\"https:\/\/zonta-schwaebisch-gmuend.de\/index.php\/impressum\/\" \/>\n<meta property=\"og:locale\" content=\"de_DE\" \/>\n<meta property=\"og:type\" content=\"article\" \/>\n<meta property=\"og:title\" content=\"Impressum - Zonta Club Schw\u00e4bisch Gm\u00fcnd e.V.\" \/>\n<meta property=\"og:description\" content=\"Zonta Club Schw\u00e4bisch Gm\u00fcnd e.V. Sabine Dombrowski-Riegert Eutighoferstr. 33\/4 73525\" \/>\n<meta property=\"og:url\" content=\"https:\/\/zonta-schwaebisch-gmuend.de\/index.php\/impressum\/\" \/>\n<meta property=\"og:site_name\" content=\"Zonta Club Schw\u00e4bisch Gm\u00fcnd e.V.\" \/>\n<meta property=\"article:modified_time\" content=\"2024-03-22T07:15:18+00:00\" \/>\n<meta property=\"og:image\" content=\"https:\/\/app.on25space.com\/manager\/workspace\/20230716195604\/wp-content\/uploads\/2023\/08\/logo-dark.png\" \/>\n<meta name=\"twitter:card\" content=\"summary_large_image\" \/>\n<meta name=\"twitter:label1\" content=\"Gesch\u00e4tzte Lesezeit\" \/>\n\t<meta name=\"twitter:data1\" content=\"1\u00a0Minute\" \/>\n<script type=\"application\/ld+json\" class=\"yoast-schema-graph\">{\"@context\":\"https:\/\/schema.org\",\"@graph\":[{\"@type\":\"WebPage\",\"@id\":\"https:\/\/zonta-schwaebisch-gmuend.de\/index.php\/impressum\/\",\"url\":\"https:\/\/zonta-schwaebisch-gmuend.de\/index.php\/impressum\/\",\"name\":\"Impressum - Zonta Club Schw\u00e4bisch Gm\u00fcnd e.V.\",\"isPartOf\":{\"@id\":\"https:\/\/zonta-schwaebisch-gmuend.de\/#website\"},\"primaryImageOfPage\":{\"@id\":\"https:\/\/zonta-schwaebisch-gmuend.de\/index.php\/impressum\/#primaryimage\"},\"image\":{\"@id\":\"https:\/\/zonta-schwaebisch-gmuend.de\/index.php\/impressum\/#primaryimage\"},\"thumbnailUrl\":\"https:\/\/app.on25space.com\/manager\/workspace\/20230716195604\/wp-content\/uploads\/2023\/08\/logo-dark.png\",\"datePublished\":\"2023-08-29T12:12:10+00:00\",\"dateModified\":\"2024-03-22T07:15:18+00:00\",\"breadcrumb\":{\"@id\":\"https:\/\/zonta-schwaebisch-gmuend.de\/index.php\/impressum\/#breadcrumb\"},\"inLanguage\":\"de\",\"potentialAction\":[{\"@type\":\"ReadAction\",\"target\":[\"https:\/\/zonta-schwaebisch-gmuend.de\/index.php\/impressum\/\"]}]},{\"@type\":\"ImageObject\",\"inLanguage\":\"de\",\"@id\":\"https:\/\/zonta-schwaebisch-gmuend.de\/index.php\/impressum\/#primaryimage\",\"url\":\"https:\/\/app.on25space.com\/manager\/workspace\/20230716195604\/wp-content\/uploads\/2023\/08\/logo-dark.png\",\"contentUrl\":\"https:\/\/app.on25space.com\/manager\/workspace\/20230716195604\/wp-content\/uploads\/2023\/08\/logo-dark.png\"},{\"@type\":\"BreadcrumbList\",\"@id\":\"https:\/\/zonta-schwaebisch-gmuend.de\/index.php\/impressum\/#breadcrumb\",\"itemListElement\":[{\"@type\":\"ListItem\",\"position\":1,\"name\":\"Startseite\",\"item\":\"https:\/\/zonta-schwaebisch-gmuend.de\/\"},{\"@type\":\"ListItem\",\"position\":2,\"name\":\"Impressum\"}]},{\"@type\":\"WebSite\",\"@id\":\"https:\/\/zonta-schwaebisch-gmuend.de\/#website\",\"url\":\"https:\/\/zonta-schwaebisch-gmuend.de\/\",\"name\":\"Zonta Club Schw\u00e4bisch Gm\u00fcnd e.V.\",\"description\":\"\",\"publisher\":{\"@id\":\"https:\/\/zonta-schwaebisch-gmuend.de\/#organization\"},\"potentialAction\":[{\"@type\":\"SearchAction\",\"target\":{\"@type\":\"EntryPoint\",\"urlTemplate\":\"https:\/\/zonta-schwaebisch-gmuend.de\/?s={search_term_string}\"},\"query-input\":{\"@type\":\"PropertyValueSpecification\",\"valueRequired\":true,\"valueName\":\"search_term_string\"}}],\"inLanguage\":\"de\"},{\"@type\":\"Organization\",\"@id\":\"https:\/\/zonta-schwaebisch-gmuend.de\/#organization\",\"name\":\"Zonta Club Schw\u00e4bisch Gm\u00fcnd e.V.\",\"url\":\"https:\/\/zonta-schwaebisch-gmuend.de\/\",\"logo\":{\"@type\":\"ImageObject\",\"inLanguage\":\"de\",\"@id\":\"https:\/\/zonta-schwaebisch-gmuend.de\/#\/schema\/logo\/image\/\",\"url\":\"https:\/\/zonta-schwaebisch-gmuend.de\/wp-content\/uploads\/2023\/08\/Zonta-Club-of-Schwaebisch-Gmuend-Logo_New-Tag_Horizontal_Color-2.png\",\"contentUrl\":\"https:\/\/zonta-schwaebisch-gmuend.de\/wp-content\/uploads\/2023\/08\/Zonta-Club-of-Schwaebisch-Gmuend-Logo_New-Tag_Horizontal_Color-2.png\",\"width\":4738,\"height\":1546,\"caption\":\"Zonta Club Schw\u00e4bisch Gm\u00fcnd e.V.\"},\"image\":{\"@id\":\"https:\/\/zonta-schwaebisch-gmuend.de\/#\/schema\/logo\/image\/\"},\"sameAs\":[\"https:\/\/www.instagram.com\/zontaschwaebischgmuend\/\"]}]}<\/script>\n<!-- \/ Yoast SEO plugin. -->","yoast_head_json":{"title":"Impressum - Zonta Club Schw\u00e4bisch Gm\u00fcnd e.V.","robots":{"index":"index","follow":"follow","max-snippet":"max-snippet:-1","max-image-preview":"max-image-preview:large","max-video-preview":"max-video-preview:-1"},"canonical":"https:\/\/zonta-schwaebisch-gmuend.de\/index.php\/impressum\/","og_locale":"de_DE","og_type":"article","og_title":"Impressum - Zonta Club Schw\u00e4bisch Gm\u00fcnd e.V.","og_description":"Zonta Club Schw\u00e4bisch Gm\u00fcnd e.V. Sabine Dombrowski-Riegert Eutighoferstr. 33\/4 73525","og_url":"https:\/\/zonta-schwaebisch-gmuend.de\/index.php\/impressum\/","og_site_name":"Zonta Club Schw\u00e4bisch Gm\u00fcnd e.V.","article_modified_time":"2024-03-22T07:15:18+00:00","og_image":[{"url":"https:\/\/app.on25space.com\/manager\/workspace\/20230716195604\/wp-content\/uploads\/2023\/08\/logo-dark.png","type":"","width":"","height":""}],"twitter_card":"summary_large_image","twitter_misc":{"Gesch\u00e4tzte Lesezeit":"1\u00a0Minute"},"schema":{"@context":"https:\/\/schema.org","@graph":[{"@type":"WebPage","@id":"https:\/\/zonta-schwaebisch-gmuend.de\/index.php\/impressum\/","url":"https:\/\/zonta-schwaebisch-gmuend.de\/index.php\/impressum\/","name":"Impressum - Zonta Club Schw\u00e4bisch Gm\u00fcnd e.V.","isPartOf":{"@id":"https:\/\/zonta-schwaebisch-gmuend.de\/#website"},"primaryImageOfPage":{"@id":"https:\/\/zonta-schwaebisch-gmuend.de\/index.php\/impressum\/#primaryimage"},"image":{"@id":"https:\/\/zonta-schwaebisch-gmuend.de\/index.php\/impressum\/#primaryimage"},"thumbnailUrl":"https:\/\/app.on25space.com\/manager\/workspace\/20230716195604\/wp-content\/uploads\/2023\/08\/logo-dark.png","datePublished":"2023-08-29T12:12:10+00:00","dateModified":"2024-03-22T07:15:18+00:00","breadcrumb":{"@id":"https:\/\/zonta-schwaebisch-gmuend.de\/index.php\/impressum\/#breadcrumb"},"inLanguage":"de","potentialAction":[{"@type":"ReadAction","target":["https:\/\/zonta-schwaebisch-gmuend.de\/index.php\/impressum\/"]}]},{"@type":"ImageObject","inLanguage":"de","@id":"https:\/\/zonta-schwaebisch-gmuend.de\/index.php\/impressum\/#primaryimage","url":"https:\/\/app.on25space.com\/manager\/workspace\/20230716195604\/wp-content\/uploads\/2023\/08\/logo-dark.png","contentUrl":"https:\/\/app.on25space.com\/manager\/workspace\/20230716195604\/wp-content\/uploads\/2023\/08\/logo-dark.png"},{"@type":"BreadcrumbList","@id":"https:\/\/zonta-schwaebisch-gmuend.de\/index.php\/impressum\/#breadcrumb","itemListElement":[{"@type":"ListItem","position":1,"name":"Startseite","item":"https:\/\/zonta-schwaebisch-gmuend.de\/"},{"@type":"ListItem","position":2,"name":"Impressum"}]},{"@type":"WebSite","@id":"https:\/\/zonta-schwaebisch-gmuend.de\/#website","url":"https:\/\/zonta-schwaebisch-gmuend.de\/","name":"Zonta Club Schw\u00e4bisch Gm\u00fcnd e.V.","description":"","publisher":{"@id":"https:\/\/zonta-schwaebisch-gmuend.de\/#organization"},"potentialAction":[{"@type":"SearchAction","target":{"@type":"EntryPoint","urlTemplate":"https:\/\/zonta-schwaebisch-gmuend.de\/?s={search_term_string}"},"query-input":{"@type":"PropertyValueSpecification","valueRequired":true,"valueName":"search_term_string"}}],"inLanguage":"de"},{"@type":"Organization","@id":"https:\/\/zonta-schwaebisch-gmuend.de\/#organization","name":"Zonta Club Schw\u00e4bisch Gm\u00fcnd e.V.","url":"https:\/\/zonta-schwaebisch-gmuend.de\/","logo":{"@type":"ImageObject","inLanguage":"de","@id":"https:\/\/zonta-schwaebisch-gmuend.de\/#\/schema\/logo\/image\/","url":"https:\/\/zonta-schwaebisch-gmuend.de\/wp-content\/uploads\/2023\/08\/Zonta-Club-of-Schwaebisch-Gmuend-Logo_New-Tag_Horizontal_Color-2.png","contentUrl":"https:\/\/zonta-schwaebisch-gmuend.de\/wp-content\/uploads\/2023\/08\/Zonta-Club-of-Schwaebisch-Gmuend-Logo_New-Tag_Horizontal_Color-2.png","width":4738,"height":1546,"caption":"Zonta Club Schw\u00e4bisch Gm\u00fcnd e.V."},"image":{"@id":"https:\/\/zonta-schwaebisch-gmuend.de\/#\/schema\/logo\/image\/"},"sameAs":["https:\/\/www.instagram.com\/zontaschwaebischgmuend\/"]}]}},"_links":{"self":[{"href":"https:\/\/zonta-schwaebisch-gmuend.de\/index.php\/wp-json\/wp\/v2\/pages\/819","targetHints":{"allow":["GET"]}}],"collection":[{"href":"https:\/\/zonta-schwaebisch-gmuend.de\/index.php\/wp-json\/wp\/v2\/pages"}],"about":[{"href":"https:\/\/zonta-schwaebisch-gmuend.de\/index.php\/wp-json\/wp\/v2\/types\/page"}],"author":[{"embeddable":true,"href":"https:\/\/zonta-schwaebisch-gmuend.de\/index.php\/wp-json\/wp\/v2\/users\/1"}],"replies":[{"embeddable":true,"href":"https:\/\/zonta-schwaebisch-gmuend.de\/index.php\/wp-json\/wp\/v2\/comments?post=819"}],"version-history":[{"count":2,"href":"https:\/\/zonta-schwaebisch-gmuend.de\/index.php\/wp-json\/wp\/v2\/pages\/819\/revisions"}],"predecessor-version":[{"id":1224,"href":"https:\/\/zonta-schwaebisch-gmuend.de\/index.php\/wp-json\/wp\/v2\/pages\/819\/revisions\/1224"}],"wp:attachment":[{"href":"https:\/\/zonta-schwaebisch-gmuend.de\/index.php\/wp-json\/wp\/v2\/media?parent=819"}],"curies":[{"name":"wp","href":"https:\/\/api.w.org\/{rel}","templated":true}]}}