{"id":818,"date":"2023-08-29T14:11:31","date_gmt":"2023-08-29T12:11:31","guid":{"rendered":"https:\/\/app.on25space.com\/manager\/workspace\/20230716195604\/?page_id=818"},"modified":"2023-08-29T14:11:31","modified_gmt":"2023-08-29T12:11:31","slug":"datenschutzerklaerung","status":"publish","type":"page","link":"https:\/\/zonta-schwaebisch-gmuend.de\/index.php\/datenschutzerklaerung\/","title":{"rendered":"Datenschutzerkl\u00e4rung"},"content":{"rendered":"<p>Stand: 16.05.2018<\/p>\n<p>Wir verarbeiten personenbezogene Daten (nachfolgend \u201eDaten\u201c) der Nutzer nur, soweit dies zur Bereitstellung einer funktionsf\u00e4higen und komfortablen Website sowie unserer Inhalte und Leistungen erforderlich ist.<\/p>\n<p>Als \u201eVerarbeitung\u201c gilt die Erhebung, Nutzung, Weitergabe und\/oder Speicherung. Als \u201epersonenbezogene Daten\u201c gelten nach der Datenschutzgrundverordnung (nachfolgend \u201eDSGVO\u201c) grunds\u00e4tzlich alle Daten, mit denen eine nat\u00fcrliche Person identifiziert werden kann. Die genauen Definitionen der Begrifflichkeiten sind in Art. 4 DSGVO bestimmt.<\/p>\n<p>Nachstehende Ausf\u00fchrungen informieren Sie insbesondere \u00fcber die Art, den Umfang, den Zweck, die Dauer und die Rechtsgrundlage der Verarbeitung von personenbezogenen Daten \u00fcber dessen Zwecke und Mittel der Verarbeitung wir allein oder gemeinsam mit anderen entscheiden, sowie \u00fcber die von uns zur Optimierung und Nutzungsqualit\u00e4t gegebenenfalls eingesetzten Komponenten Dritter, die in eigener Verantwortung Daten verarbeiten:<br \/>\n_________________________________________<\/p>\n<p>A) Informationen zum Verantwortlichen<br \/>\nB) Rechte des Nutzers<br \/>\nC) Informationen zur Datenverarbeitung<br \/>\n_________________________________________<\/p>\n<h2>A) Informationen zum Verantwortlichen<\/h2>\n<p>Der Verantwortliche (nachfolgend \u201eAnbieter\u201c) im Sinne der DSGVO und anderer nationaler Datenschutzgesetze der Mitgliedsstaaten sowie sonstiger datenschutzrechtlicher Bestimmungen ist:<\/p>\n<p>Zonta Club Schw\u00e4bisch Gm\u00fcnd e.V.<br \/>\nE-Mail: info@zonta-schwaebisch-gmuend.de<\/p>\n<p>Der Datenschutzbeauftragte des Verantwortlichen ist:<br \/>\nDa nicht mindestens zehn Personen st\u00e4ndig mit der automatisierten Verarbeitung personenbezogener Daten besch\u00e4ftigt sind, ist kein Datenschutzbeauftragter zu benennen.<\/p>\n<h2>B) Rechte des Nutzers<\/h2>\n<p>Der Nutzer hat in Bezug auf die vom Anbieter nachfolgend wiedergegebene Verarbeitung seiner personenbezogenen Daten das Recht,<\/p>\n<p>1. eine Best\u00e4tigung dar\u00fcber zu verlangen, ob die ihn betreffenden Daten verarbeitet werden und auf genaue Auskunft \u00fcber diese Daten sowie auf weitere Informationen und Kopien der Daten entsprechend Art. 15 DSGVO;<\/p>\n<p>2. die unverz\u00fcgliche Berichtigung der ihn betreffenden unrichtigen Daten oder die Vervollst\u00e4ndigung dieser Daten gem\u00e4\u00df Art. 16 DSGVO zu verlangen;<\/p>\n<p>3. zu verlangen, dass die ihn betreffende Daten gem\u00e4\u00df Art. 17 DSGVO unverz\u00fcglich gel\u00f6scht werden, alternativ, falls beispielsweise eine weitere Verarbeitung gem\u00e4\u00df Art. 17 Abs. 3 DSGVO erforderlich ist, eine Einschr\u00e4nkung der Verarbeitung der Daten nach Ma\u00dfgabe des Art. 18 DSGVO zu verlangen;<\/p>\n<p>4. dass er die ihn betreffenden und von ihm bereitgestellten Daten nach Ma\u00dfgabe des Art. 20 DSGVO erh\u00e4lt und deren \u00dcbermittlung an andere Verantwortliche zu fordern;<\/p>\n<p>5. eine Beschwerde bei der Aufsichtsbeh\u00f6rde nach Art. 77 DSGVO einzureichen, falls der Nutzer der Ansicht ist, dass die Verarbeitung seiner Daten durch den Anbieter gegen die DSGVO verst\u00f6\u00dft.<br \/>\n_________________________<\/p>\n<p>6. Der Nutzer kann grunds\u00e4tzlich der k\u00fcnftigen Verarbeitung der ihn betreffenden Daten, welche durch einen Verantwortlichen auf Grundlage von Art. 6 Abs. 1 lit. f DSGVO erfolgt, jederzeit nach Ma\u00dfgabe des Art. 21 DSGVO widersprechen. Der Widerspruch kann insbesondere gegen die Verarbeitung f\u00fcr Zwecke der Direktwerbung erfolgen.<br \/>\n_________________________<\/p>\n<h2>C) Informationen zur Datenverarbeitung<\/h2>\n<p>Soweit nachfolgend zu den einzelnen Datenverarbeitungen keine detaillierten Angaben erfolgen, werden die vom Anbieter verarbeiteten Daten des Nutzers gel\u00f6scht oder gesperrt, sobald der Zweck der Speicherung entf\u00e4llt und der L\u00f6schung keine gesetzlichen Aufbewahrungspflichten entgegenstehen.<\/p>\n<h2>Serverdaten<\/h2>\n<p>Aus kommunikations- und sicherheitstechnischen Gr\u00fcnden werden w\u00e4hrend des Besuches der Website u.a. folgende Daten, die der Internet-Browser des Nutzers an den Anbieter bzw. an seinen Webspace-Provider \u00fcbermittelt, erhoben (sogenannte Serverlogfiles):<\/p>\n<p>&#8211; Browsertyp und -version;<br \/>\n&#8211; verwendetes Betriebssystem;<br \/>\n&#8211; Website, von der der Nutzer auf die Website des Anbieters gewechselt hat (Referrer URL);<br \/>\n&#8211; Website, die der Nutzer besucht;<br \/>\n&#8211; Datum und Uhrzeit des Zugriffs;<br \/>\n&#8211; Internet-Protokoll-(IP)-Adresse des Nutzers.<\/p>\n<p>Die Daten werden zudem vor\u00fcbergehend gespeichert. Eine Speicherung dieser Daten zusammen mit anderen personenbezogenen Daten des Nutzers findet nicht statt. Rechtsgrundlage f\u00fcr die vor\u00fcbergehende Speicherung ist Art. 6 Abs. 1 lit. f DSGVO auf Basis des berechtigten Interesses an der Verbesserung der Stabilit\u00e4t, Funktionalit\u00e4t und Sicherheit der Website.<\/p>\n<p>Nach sp\u00e4testens sieben Tagen werden die Daten gel\u00f6scht. Daten, deren weitere Aufbewahrung zu Beweiszwecken erforderlich ist, sind bis zur endg\u00fcltigen Kl\u00e4rung des jeweiligen Vorfalls von der L\u00f6schung ausgenommen.<\/p>\n<h2>Cookies<\/h2>\n<p>a) \u201eSession\u201c-Cookies<\/p>\n<p>Der Anbieter verwendet auf seiner Website sog. Cookies. Cookies sind kleine Textdateien oder andere Speichertechnologien, die der vom Nutzer eingesetzte Internet-Browser auf dem Endger\u00e4t ablegt und speichert. Diese Cookies verarbeiten im individuellen Umfang bestimmte Informationen des Nutzers, wie beispielsweise Browser- und Standortdaten und IP-Adresswerte.<\/p>\n<p>Die Verarbeitung erlaubt es dem Anbieter seine Website bedienfreundlicher, effektiver und sicherer zu gestalten. So erm\u00f6glicht die Verarbeitung gegebenenfalls die Wiedergabe der Inhalte in unterschiedlichen Sprachen oder gegebenenfalls die Nutzung einer Warenkorbfunktion. Werden durch diese Cookies personenbezogene Daten zum Zwecke der Vertragsanbahnung oder Vertragsabwicklung verarbeitet, ist Rechtsgrundlage der Verarbeitung Art. 6 Abs. 1 lit. b DSGVO.<\/p>\n<p>Sollte die Verarbeitung keine Vertragsanbahnung oder Vertragsabwicklung bezwecken, dient die Verarbeitung dem berechtigten Interesse des Anbieters an einer Verbesserung der Funktionalit\u00e4t der Website und beruht auf der Rechtsgrundlage des Art. 6 Abs. 1 lit. f DSGVO.<\/p>\n<p>Diese Cookies werden gel\u00f6scht, wenn der Nutzer seinen Browser schlie\u00dft.<\/p>\n<p>b) Cookies von Drittanbietern<\/p>\n<p>Gegebenenfalls werden auf der Webseite des Anbieters auch Cookies von Drittanbietern eingesetzt. Bei diesen Drittanbietern handelt es sich um Partnerunternehmen, mit denen der Anbieter zum Zwecke der Werbung, Analyse oder der Funktionalit\u00e4ten der Website zusammenwirkt. Sollte dies der Fall sein, werden die Zwecke und Rechtsgrundlagen der entsprechenden Verarbeitungen in den nachfolgenden Ausf\u00fchrungen wiedergegeben.<\/p>\n<p>c) Beseitigungsm\u00f6glichkeit<\/p>\n<p>Der Nutzer kann die Installation der Cookies durch eine entsprechende Einstellung des Browsers verhindern oder einschr\u00e4nken. Bereits gespeicherte Cookies k\u00f6nnen ebenfalls jederzeit gel\u00f6scht werden. Die Einstellungen hierzu sind vom jeweiligen Browser abh\u00e4ngig. Bei Flash-Cookies l\u00e4sst sich die Verarbeitung nicht \u00fcber die Einstellungen des Browsers unterbinden, sondern durch die entsprechende Einstellung des Flash-Players.\u00a0 Sollte der Nutzer die Installation der Cookies verhindern oder einschr\u00e4nken, kann dies dazu f\u00fchren, dass nicht s\u00e4mtliche Funktionen der Website vollumf\u00e4nglich nutzbar sind.<\/p>\n<h2>Kundenkonto<\/h2>\n<p>Sollte der Nutzer sich zu einem Kundenkonto bei dem Anbieter registrieren, werden die im Zuge dieser Registrierung eingegebenen Daten (z.B. Name, Anschrift, E-Mail-Adresse) ausschlie\u00dflich f\u00fcr die Erf\u00fcllung eines Vertrages oder der Durchf\u00fchrung vorvertraglicher Ma\u00dfnahmen sowie zur generellen Verwaltung der Kundenbeziehung (z.B. Abruf bisheriger Bestellungen oder Merkzettelfunktion) erhoben und gespeichert. Mit der Registrierung werden zudem die IP-Adresse und das Datum sowie die Uhrzeit der Registrierung gespeichert. Eine Weitergabe an Dritte erfolgt nicht.<\/p>\n<p>Rechtsgrundlage ist bei Vorliegen einer Einwilligung des Nutzers Art. 6 Abs. 1 lit. a DSGVO. Im Rahmen des Registrierungsvorgangs wird die Einwilligung des Nutzers zur vorstehenden Verarbeitung eingeholt und auf diese Datenschutzerkl\u00e4rung verwiesen. Die so erhobenen Daten werden ausschlie\u00dflich f\u00fcr den vorgenannten Zweck verwendet. Eine Weitergabe an Dritte erfolgt nicht.<\/p>\n<p>Dient die Er\u00f6ffnung des Kundenkontos der Erf\u00fcllung eines Vertrages oder der Durchf\u00fchrung vorvertraglicher Ma\u00dfnahmen, so ist zus\u00e4tzliche Rechtsgrundlage Art. 6 Abs. 1 lit. b DSGVO.<\/p>\n<p>Eine erteilte Einwilligung f\u00fcr das Kundenkonto kann der Nutzer nach Art. 7 Abs. 3 DSGVO jederzeit durch eine Mitteilung an den Anbieter widerrufen. Die im Zusammenhang verarbeiteten Daten werden gel\u00f6scht, sobald ihre Verarbeitung nicht mehr erforderlich ist. Sind die Daten zur Erf\u00fcllung eines Vertrages oder zur Durchf\u00fchrung vorvertraglicher Ma\u00dfnahmen erforderlich, werden die Daten des Nutzers mit Ablauf der steuer- und handelsrechtlichen Aufbewahrungsfristen gel\u00f6scht.<\/p>\n<p>&nbsp;<\/p>\n<p><a title=\"\" href=\"https:\/\/www.ratgeberrecht.eu\/leistungen\/muster-datenschutzerklaerung.html\" target=\"_blank\" rel=\"_blank noopener\" type=\"extern\">Muster-Datenschutzerkl\u00e4rung<\/a>\u00a0der Anwaltskanzlei Wei\u00df &amp; Partner<\/p>\n","protected":false},"excerpt":{"rendered":"<p>Stand: 16.05.2018 Wir verarbeiten personenbezogene Daten (nachfolgend \u201eDaten\u201c) der Nutzer<\/p>\n","protected":false},"author":1,"featured_media":0,"parent":0,"menu_order":0,"comment_status":"closed","ping_status":"closed","template":"","meta":{"footnotes":""},"class_list":["post-818","page","type-page","status-publish","hentry"],"yoast_head":"<!-- This site is optimized with the Yoast SEO plugin v27.2 - https:\/\/yoast.com\/product\/yoast-seo-wordpress\/ -->\n<title>Datenschutzerkl\u00e4rung - Zonta Club Schw\u00e4bisch Gm\u00fcnd e.V.<\/title>\n<meta name=\"robots\" content=\"index, follow, max-snippet:-1, max-image-preview:large, max-video-preview:-1\" \/>\n<link rel=\"canonical\" href=\"https:\/\/zonta-schwaebisch-gmuend.de\/index.php\/datenschutzerklaerung\/\" \/>\n<meta property=\"og:locale\" content=\"de_DE\" \/>\n<meta property=\"og:type\" content=\"article\" \/>\n<meta property=\"og:title\" content=\"Datenschutzerkl\u00e4rung - Zonta Club Schw\u00e4bisch Gm\u00fcnd e.V.\" \/>\n<meta property=\"og:description\" content=\"Stand: 16.05.2018 Wir verarbeiten personenbezogene Daten (nachfolgend \u201eDaten\u201c) der Nutzer\" \/>\n<meta property=\"og:url\" content=\"https:\/\/zonta-schwaebisch-gmuend.de\/index.php\/datenschutzerklaerung\/\" \/>\n<meta property=\"og:site_name\" content=\"Zonta Club Schw\u00e4bisch Gm\u00fcnd e.V.\" \/>\n<meta name=\"twitter:card\" content=\"summary_large_image\" \/>\n<meta name=\"twitter:label1\" content=\"Gesch\u00e4tzte Lesezeit\" \/>\n\t<meta name=\"twitter:data1\" content=\"6\u00a0Minuten\" \/>\n<script type=\"application\/ld+json\" class=\"yoast-schema-graph\">{\"@context\":\"https:\/\/schema.org\",\"@graph\":[{\"@type\":\"WebPage\",\"@id\":\"https:\/\/zonta-schwaebisch-gmuend.de\/index.php\/datenschutzerklaerung\/\",\"url\":\"https:\/\/zonta-schwaebisch-gmuend.de\/index.php\/datenschutzerklaerung\/\",\"name\":\"Datenschutzerkl\u00e4rung - Zonta Club Schw\u00e4bisch Gm\u00fcnd e.V.\",\"isPartOf\":{\"@id\":\"https:\/\/zonta-schwaebisch-gmuend.de\/#website\"},\"datePublished\":\"2023-08-29T12:11:31+00:00\",\"breadcrumb\":{\"@id\":\"https:\/\/zonta-schwaebisch-gmuend.de\/index.php\/datenschutzerklaerung\/#breadcrumb\"},\"inLanguage\":\"de\",\"potentialAction\":[{\"@type\":\"ReadAction\",\"target\":[\"https:\/\/zonta-schwaebisch-gmuend.de\/index.php\/datenschutzerklaerung\/\"]}]},{\"@type\":\"BreadcrumbList\",\"@id\":\"https:\/\/zonta-schwaebisch-gmuend.de\/index.php\/datenschutzerklaerung\/#breadcrumb\",\"itemListElement\":[{\"@type\":\"ListItem\",\"position\":1,\"name\":\"Startseite\",\"item\":\"https:\/\/zonta-schwaebisch-gmuend.de\/\"},{\"@type\":\"ListItem\",\"position\":2,\"name\":\"Datenschutzerkl\u00e4rung\"}]},{\"@type\":\"WebSite\",\"@id\":\"https:\/\/zonta-schwaebisch-gmuend.de\/#website\",\"url\":\"https:\/\/zonta-schwaebisch-gmuend.de\/\",\"name\":\"Zonta Club Schw\u00e4bisch Gm\u00fcnd e.V.\",\"description\":\"\",\"publisher\":{\"@id\":\"https:\/\/zonta-schwaebisch-gmuend.de\/#organization\"},\"potentialAction\":[{\"@type\":\"SearchAction\",\"target\":{\"@type\":\"EntryPoint\",\"urlTemplate\":\"https:\/\/zonta-schwaebisch-gmuend.de\/?s={search_term_string}\"},\"query-input\":{\"@type\":\"PropertyValueSpecification\",\"valueRequired\":true,\"valueName\":\"search_term_string\"}}],\"inLanguage\":\"de\"},{\"@type\":\"Organization\",\"@id\":\"https:\/\/zonta-schwaebisch-gmuend.de\/#organization\",\"name\":\"Zonta Club Schw\u00e4bisch Gm\u00fcnd e.V.\",\"url\":\"https:\/\/zonta-schwaebisch-gmuend.de\/\",\"logo\":{\"@type\":\"ImageObject\",\"inLanguage\":\"de\",\"@id\":\"https:\/\/zonta-schwaebisch-gmuend.de\/#\/schema\/logo\/image\/\",\"url\":\"https:\/\/zonta-schwaebisch-gmuend.de\/wp-content\/uploads\/2023\/08\/Zonta-Club-of-Schwaebisch-Gmuend-Logo_New-Tag_Horizontal_Color-2.png\",\"contentUrl\":\"https:\/\/zonta-schwaebisch-gmuend.de\/wp-content\/uploads\/2023\/08\/Zonta-Club-of-Schwaebisch-Gmuend-Logo_New-Tag_Horizontal_Color-2.png\",\"width\":4738,\"height\":1546,\"caption\":\"Zonta Club Schw\u00e4bisch Gm\u00fcnd e.V.\"},\"image\":{\"@id\":\"https:\/\/zonta-schwaebisch-gmuend.de\/#\/schema\/logo\/image\/\"},\"sameAs\":[\"https:\/\/www.instagram.com\/zontaschwaebischgmuend\/\"]}]}<\/script>\n<!-- \/ Yoast SEO plugin. -->","yoast_head_json":{"title":"Datenschutzerkl\u00e4rung - Zonta Club Schw\u00e4bisch Gm\u00fcnd e.V.","robots":{"index":"index","follow":"follow","max-snippet":"max-snippet:-1","max-image-preview":"max-image-preview:large","max-video-preview":"max-video-preview:-1"},"canonical":"https:\/\/zonta-schwaebisch-gmuend.de\/index.php\/datenschutzerklaerung\/","og_locale":"de_DE","og_type":"article","og_title":"Datenschutzerkl\u00e4rung - Zonta Club Schw\u00e4bisch Gm\u00fcnd e.V.","og_description":"Stand: 16.05.2018 Wir verarbeiten personenbezogene Daten (nachfolgend \u201eDaten\u201c) der Nutzer","og_url":"https:\/\/zonta-schwaebisch-gmuend.de\/index.php\/datenschutzerklaerung\/","og_site_name":"Zonta Club Schw\u00e4bisch Gm\u00fcnd e.V.","twitter_card":"summary_large_image","twitter_misc":{"Gesch\u00e4tzte Lesezeit":"6\u00a0Minuten"},"schema":{"@context":"https:\/\/schema.org","@graph":[{"@type":"WebPage","@id":"https:\/\/zonta-schwaebisch-gmuend.de\/index.php\/datenschutzerklaerung\/","url":"https:\/\/zonta-schwaebisch-gmuend.de\/index.php\/datenschutzerklaerung\/","name":"Datenschutzerkl\u00e4rung - Zonta Club Schw\u00e4bisch Gm\u00fcnd e.V.","isPartOf":{"@id":"https:\/\/zonta-schwaebisch-gmuend.de\/#website"},"datePublished":"2023-08-29T12:11:31+00:00","breadcrumb":{"@id":"https:\/\/zonta-schwaebisch-gmuend.de\/index.php\/datenschutzerklaerung\/#breadcrumb"},"inLanguage":"de","potentialAction":[{"@type":"ReadAction","target":["https:\/\/zonta-schwaebisch-gmuend.de\/index.php\/datenschutzerklaerung\/"]}]},{"@type":"BreadcrumbList","@id":"https:\/\/zonta-schwaebisch-gmuend.de\/index.php\/datenschutzerklaerung\/#breadcrumb","itemListElement":[{"@type":"ListItem","position":1,"name":"Startseite","item":"https:\/\/zonta-schwaebisch-gmuend.de\/"},{"@type":"ListItem","position":2,"name":"Datenschutzerkl\u00e4rung"}]},{"@type":"WebSite","@id":"https:\/\/zonta-schwaebisch-gmuend.de\/#website","url":"https:\/\/zonta-schwaebisch-gmuend.de\/","name":"Zonta Club Schw\u00e4bisch Gm\u00fcnd e.V.","description":"","publisher":{"@id":"https:\/\/zonta-schwaebisch-gmuend.de\/#organization"},"potentialAction":[{"@type":"SearchAction","target":{"@type":"EntryPoint","urlTemplate":"https:\/\/zonta-schwaebisch-gmuend.de\/?s={search_term_string}"},"query-input":{"@type":"PropertyValueSpecification","valueRequired":true,"valueName":"search_term_string"}}],"inLanguage":"de"},{"@type":"Organization","@id":"https:\/\/zonta-schwaebisch-gmuend.de\/#organization","name":"Zonta Club Schw\u00e4bisch Gm\u00fcnd e.V.","url":"https:\/\/zonta-schwaebisch-gmuend.de\/","logo":{"@type":"ImageObject","inLanguage":"de","@id":"https:\/\/zonta-schwaebisch-gmuend.de\/#\/schema\/logo\/image\/","url":"https:\/\/zonta-schwaebisch-gmuend.de\/wp-content\/uploads\/2023\/08\/Zonta-Club-of-Schwaebisch-Gmuend-Logo_New-Tag_Horizontal_Color-2.png","contentUrl":"https:\/\/zonta-schwaebisch-gmuend.de\/wp-content\/uploads\/2023\/08\/Zonta-Club-of-Schwaebisch-Gmuend-Logo_New-Tag_Horizontal_Color-2.png","width":4738,"height":1546,"caption":"Zonta Club Schw\u00e4bisch Gm\u00fcnd e.V."},"image":{"@id":"https:\/\/zonta-schwaebisch-gmuend.de\/#\/schema\/logo\/image\/"},"sameAs":["https:\/\/www.instagram.com\/zontaschwaebischgmuend\/"]}]}},"_links":{"self":[{"href":"https:\/\/zonta-schwaebisch-gmuend.de\/index.php\/wp-json\/wp\/v2\/pages\/818","targetHints":{"allow":["GET"]}}],"collection":[{"href":"https:\/\/zonta-schwaebisch-gmuend.de\/index.php\/wp-json\/wp\/v2\/pages"}],"about":[{"href":"https:\/\/zonta-schwaebisch-gmuend.de\/index.php\/wp-json\/wp\/v2\/types\/page"}],"author":[{"embeddable":true,"href":"https:\/\/zonta-schwaebisch-gmuend.de\/index.php\/wp-json\/wp\/v2\/users\/1"}],"replies":[{"embeddable":true,"href":"https:\/\/zonta-schwaebisch-gmuend.de\/index.php\/wp-json\/wp\/v2\/comments?post=818"}],"version-history":[{"count":1,"href":"https:\/\/zonta-schwaebisch-gmuend.de\/index.php\/wp-json\/wp\/v2\/pages\/818\/revisions"}],"predecessor-version":[{"id":820,"href":"https:\/\/zonta-schwaebisch-gmuend.de\/index.php\/wp-json\/wp\/v2\/pages\/818\/revisions\/820"}],"wp:attachment":[{"href":"https:\/\/zonta-schwaebisch-gmuend.de\/index.php\/wp-json\/wp\/v2\/media?parent=818"}],"curies":[{"name":"wp","href":"https:\/\/api.w.org\/{rel}","templated":true}]}}