{"id":1262,"date":"2024-04-24T20:57:26","date_gmt":"2024-04-24T18:57:26","guid":{"rendered":"https:\/\/zonta-schwaebisch-gmuend.de\/?page_id=1262"},"modified":"2024-05-06T23:45:45","modified_gmt":"2024-05-06T21:45:45","slug":"projekte","status":"publish","type":"page","link":"https:\/\/zonta-schwaebisch-gmuend.de\/index.php\/projekte\/","title":{"rendered":"Projekte"},"content":{"rendered":"<p><div class=\"fusion-fullwidth fullwidth-box fusion-builder-row-1 fusion-flex-container fusion-parallax-none nonhundred-percent-fullwidth non-hundred-percent-height-scrolling lazyload fusion-custom-z-index\" style=\"--awb-background-repeat:repeat-x;--awb-border-radius-top-left:0px;--awb-border-radius-top-right:0px;--awb-border-radius-bottom-right:0px;--awb-border-radius-bottom-left:0px;--awb-z-index:0;--awb-padding-top:92px;--awb-padding-bottom:43px;--awb-padding-top-small:100px;--awb-padding-bottom-small:100px;--awb-background-image:linear-gradient(180deg, hsla(var(--awb-color1-h),var(--awb-color1-s),var(--awb-color1-l),calc( var(--awb-color1-a) - 5% )) 0%,rgba(255,255,255,0) 92%);;--awb-background-size:2000px;--awb-flex-wrap:wrap;\" data-bg=\"https:\/\/app.on25space.com\/manager\/workspace\/20230716195604\/wp-content\/uploads\/2023\/11\/header_header.jpg\" data-bg-gradient=\"linear-gradient(180deg, hsla(var(--awb-color1-h),var(--awb-color1-s),var(--awb-color1-l),calc( var(--awb-color1-a) - 5% )) 0%,rgba(255,255,255,0) 92%)\" ><div class=\"fusion-builder-row fusion-row fusion-flex-align-items-flex-start fusion-flex-content-wrap\" style=\"max-width:1248px;margin-left: calc(-4% \/ 2 );margin-right: calc(-4% \/ 2 );\"><div class=\"fusion-layout-column fusion_builder_column fusion-builder-column-0 fusion_builder_column_1_1 1_1 fusion-flex-column\" style=\"--awb-bg-size:cover;--awb-width-large:100%;--awb-margin-top-large:0px;--awb-spacing-right-large:1.92%;--awb-margin-bottom-large:20px;--awb-spacing-left-large:1.92%;--awb-width-medium:100%;--awb-order-medium:0;--awb-spacing-right-medium:1.92%;--awb-spacing-left-medium:1.92%;--awb-width-small:100%;--awb-order-small:0;--awb-spacing-right-small:1.92%;--awb-spacing-left-small:1.92%;\"><div class=\"fusion-column-wrapper fusion-column-has-shadow fusion-flex-justify-content-flex-start fusion-content-layout-column\"><div class=\"fusion-text fusion-text-1\" style=\"--awb-content-alignment:center;--awb-font-size:var(--awb-typography2-font-size);--awb-line-height:var(--awb-typography2-line-height);--awb-letter-spacing:var(--awb-typography2-letter-spacing);--awb-text-transform:var(--awb-typography2-text-transform);--awb-text-color:var(--awb-color8);--awb-text-font-family:var(--awb-typography2-font-family);--awb-text-font-weight:var(--awb-typography2-font-weight);--awb-text-font-style:var(--awb-typography2-font-style);\"><p>ZONTA CLUB SCHW\u00c4BISCH GM\u00dcND<\/p>\n<\/div><div class=\"fusion-title title fusion-title-1 fusion-sep-none fusion-title-center fusion-title-text fusion-title-size-one\" style=\"--awb-text-color:var(--awb-color8);--awb-margin-top:-20px;--awb-margin-bottom:20px;--awb-margin-top-small:10px;--awb-margin-right-small:0px;--awb-margin-bottom-small:10px;--awb-margin-left-small:0px;--awb-font-size:60px;\"><h1 class=\"fusion-title-heading title-heading-center\" style=\"margin:0;text-transform:capitalize;font-size:1em;line-height:1em;\"><span style=\"font-family: Carlito; font-weight: 400;\" data-fusion-font=\"true\" data-fusion-google-font=\"Carlito\" data-fusion-google-variant=\"400\">Projekte<\/span><\/h1><\/div><\/div><\/div><\/div><\/div><div class=\"fusion-fullwidth fullwidth-box fusion-builder-row-2 fusion-flex-container nonhundred-percent-fullwidth non-hundred-percent-height-scrolling\" style=\"--awb-border-radius-top-left:0px;--awb-border-radius-top-right:0px;--awb-border-radius-bottom-right:0px;--awb-border-radius-bottom-left:0px;--awb-padding-top:30px;--awb-padding-bottom:0px;--awb-flex-wrap:wrap;\" ><div class=\"fusion-builder-row fusion-row fusion-flex-align-items-flex-start fusion-flex-content-wrap\" style=\"max-width:1248px;margin-left: calc(-4% \/ 2 );margin-right: calc(-4% \/ 2 );\"><div class=\"fusion-layout-column fusion_builder_column fusion-builder-column-1 fusion_builder_column_2_3 2_3 fusion-flex-column\" style=\"--awb-bg-size:cover;--awb-width-large:66.666666666667%;--awb-margin-top-large:0px;--awb-spacing-right-large:2.88%;--awb-margin-bottom-large:20px;--awb-spacing-left-large:2.88%;--awb-width-medium:66.666666666667%;--awb-order-medium:0;--awb-spacing-right-medium:2.88%;--awb-spacing-left-medium:2.88%;--awb-width-small:100%;--awb-order-small:0;--awb-spacing-right-small:1.92%;--awb-spacing-left-small:1.92%;\"><div class=\"fusion-column-wrapper fusion-column-has-shadow fusion-flex-justify-content-flex-start fusion-content-layout-column\"><div class=\"fusion-text fusion-text-2\"><p><strong>Projekt Lichtblicke<\/strong><\/p>\n<p><em>Lichtblicke<\/em> ist ein Projekt, initiiert vom Zonta Club Schw\u00e4bisch Gm\u00fcnd. Das Projekt unterst\u00fctzt \u00e4ltere B\u00fcrgerinnen, die nach einschl\u00e4gigen Kriterien als arm gelten und selbst\u00e4ndig leben.<\/p>\n<p><em>Lichtblicke<\/em> kooperiert mit der Stadtverwaltung Schw\u00e4bisch Gm\u00fcnd, dem Caritasverband und dem Diakonischen Werk Schw\u00e4bisch Gm\u00fcnd.<\/p>\n<\/div><\/div><\/div><div class=\"fusion-layout-column fusion_builder_column fusion-builder-column-2 fusion_builder_column_1_3 1_3 fusion-flex-column\" style=\"--awb-bg-size:cover;--awb-width-large:33.333333333333%;--awb-margin-top-large:0px;--awb-spacing-right-large:5.76%;--awb-margin-bottom-large:20px;--awb-spacing-left-large:5.76%;--awb-width-medium:33.333333333333%;--awb-order-medium:0;--awb-spacing-right-medium:5.76%;--awb-spacing-left-medium:5.76%;--awb-width-small:100%;--awb-order-small:0;--awb-spacing-right-small:1.92%;--awb-spacing-left-small:1.92%;\"><div class=\"fusion-column-wrapper fusion-column-has-shadow fusion-flex-justify-content-flex-start fusion-content-layout-column\"><div class=\"fusion-image-element \" style=\"--awb-caption-title-font-family:var(--h2_typography-font-family);--awb-caption-title-font-weight:var(--h2_typography-font-weight);--awb-caption-title-font-style:var(--h2_typography-font-style);--awb-caption-title-size:var(--h2_typography-font-size);--awb-caption-title-transform:var(--h2_typography-text-transform);--awb-caption-title-line-height:var(--h2_typography-line-height);--awb-caption-title-letter-spacing:var(--h2_typography-letter-spacing);\"><span class=\" fusion-imageframe imageframe-none imageframe-1 hover-type-none\"><img decoding=\"async\" width=\"1121\" height=\"545\" title=\"lichtblicke_image\" src=\"https:\/\/zonta-schwaebisch-gmuend.de\/wp-content\/uploads\/2024\/04\/lichtblicke_image.jpg\" data-orig-src=\"https:\/\/zonta-schwaebisch-gmuend.de\/wp-content\/uploads\/2024\/04\/lichtblicke_image.jpg\" alt class=\"lazyload img-responsive wp-image-1264\" srcset=\"data:image\/svg+xml,%3Csvg%20xmlns%3D%27http%3A%2F%2Fwww.w3.org%2F2000%2Fsvg%27%20width%3D%271121%27%20height%3D%27545%27%20viewBox%3D%270%200%201121%20545%27%3E%3Crect%20width%3D%271121%27%20height%3D%27545%27%20fill-opacity%3D%220%22%2F%3E%3C%2Fsvg%3E\" data-srcset=\"https:\/\/zonta-schwaebisch-gmuend.de\/wp-content\/uploads\/2024\/04\/lichtblicke_image-200x97.jpg 200w, https:\/\/zonta-schwaebisch-gmuend.de\/wp-content\/uploads\/2024\/04\/lichtblicke_image-400x194.jpg 400w, https:\/\/zonta-schwaebisch-gmuend.de\/wp-content\/uploads\/2024\/04\/lichtblicke_image-600x292.jpg 600w, https:\/\/zonta-schwaebisch-gmuend.de\/wp-content\/uploads\/2024\/04\/lichtblicke_image-800x389.jpg 800w, https:\/\/zonta-schwaebisch-gmuend.de\/wp-content\/uploads\/2024\/04\/lichtblicke_image.jpg 1121w\" data-sizes=\"auto\" data-orig-sizes=\"(max-width: 640px) 100vw, 400px\" \/><\/span><\/div><\/div><\/div><div class=\"fusion-layout-column fusion_builder_column fusion-builder-column-3 fusion_builder_column_1_1 1_1 fusion-flex-column\" style=\"--awb-bg-size:cover;--awb-width-large:100%;--awb-margin-top-large:0px;--awb-spacing-right-large:1.92%;--awb-margin-bottom-large:20px;--awb-spacing-left-large:1.92%;--awb-width-medium:100%;--awb-order-medium:0;--awb-spacing-right-medium:1.92%;--awb-spacing-left-medium:1.92%;--awb-width-small:100%;--awb-order-small:0;--awb-spacing-right-small:1.92%;--awb-spacing-left-small:1.92%;\"><div class=\"fusion-column-wrapper fusion-column-has-shadow fusion-flex-justify-content-flex-start fusion-content-layout-column\"><div class=\"fusion-text fusion-text-3\"><p>Unsere Hilfsangebote<\/p>\n<ul>\n<li>sollen Bed\u00fcrftigen ihre Lebensfreude schenken und erhalten<\/li>\n<li><span style=\"color: var(--awb-text-color); font-family: var(--awb-text-font-family); font-size: var(--awb-font-size); font-style: var(--awb-text-font-style); font-weight: var(--awb-text-font-weight); letter-spacing: var(--awb-letter-spacing); text-align: var(--awb-content-alignment); text-transform: var(--awb-text-transform); background-color: var(--awb-bg-color);\">sind eine direkte Zuwendung<\/span><\/li>\n<li>sind unb\u00fcrokratisch und individuell zugeschnitten<\/li>\n<li>ersetzen nicht die staatliche F\u00fcrsorge<\/li>\n<li>sind als Lichtblicke im Leben gedacht.<\/li>\n<\/ul>\n<p>Die Beschenkten bleiben anonym.<\/p>\n<p>Auch in Schw\u00e4bisch Gm\u00fcnd leben viele \u00fcber 60-j\u00e4hrige B\u00fcrgerinnen unterhalb der Armutsgrenze. Oft reicht es kaum f\u00fcr das N\u00f6tigste.<\/p>\n<p>Es fehlt h\u00e4ufig an Kleinigkeiten wie beispielsweise ein Paar Schuhe, ein neuer Anorak oder auch einfach mal ein Fris\u00f6rbesuch oder eine Fu\u00dfpflege. Unser Projekt Lichtblicke hilft, dieses zu erm\u00f6glichen und den Alltag etwas zu erhellen.<\/p>\n<p><b>Projekt Madagaskar<\/b><\/p>\n<p>Wir unterst\u00fctzen das Projekt \u201eM\u00e4dchen st\u00e4rken durch Ausbildung\u201c mit einer j\u00e4hrlichen Spende. Mit Unterst\u00fctzung von Zonta konnten bereits Tausende M\u00e4dchen in Madagaskar ihr Recht auf Bildung wahrnehmen. Hierbei arbeitet Zonta International eng mit UNICEF zusammen. UNICEF unterst\u00fctzt vor allem Bem\u00fchungen, die allen M\u00e4dchen erm\u00f6glichen, Ausbildungen abzuschlie\u00dfen.<\/p>\n<p>Alle Gelder wurden f\u00fcr Aktivit\u00e4ten passend zum Zugang und der Qualit\u00e4t des \u201eLet us learn\u201c Schl\u00fcsselprogramms verwendet. Mit der Unterst\u00fctzung von Zonta konnte UNICEF alle 22 Regionen von Madagaskar erreichen.<\/p>\n<p>Weitere Informationen finden Sie unter <a href=\"https:\/\/www.zonta.org\/\" target=\"_blank\" rel=\"noopener noreferrer\"><u>https:\/\/www.zonta.org\/<\/u><\/a><\/p>\n<\/div><\/div><\/div><\/div><\/div><\/p>\n","protected":false},"excerpt":{"rendered":"","protected":false},"author":1,"featured_media":0,"parent":0,"menu_order":0,"comment_status":"closed","ping_status":"closed","template":"100-width.php","meta":{"footnotes":""},"class_list":["post-1262","page","type-page","status-publish","hentry"],"yoast_head":"<!-- This site is optimized with the Yoast SEO plugin v27.2 - https:\/\/yoast.com\/product\/yoast-seo-wordpress\/ -->\n<title>Projekte - Zonta Club Schw\u00e4bisch Gm\u00fcnd e.V.<\/title>\n<meta name=\"description\" content=\"Projekt Lichtblicke &amp; Projekt Madagaskar\" \/>\n<meta name=\"robots\" content=\"index, follow, max-snippet:-1, max-image-preview:large, max-video-preview:-1\" \/>\n<link rel=\"canonical\" href=\"https:\/\/zonta-schwaebisch-gmuend.de\/index.php\/projekte\/\" \/>\n<meta property=\"og:locale\" content=\"de_DE\" \/>\n<meta property=\"og:type\" content=\"article\" \/>\n<meta property=\"og:title\" content=\"Projekte - Zonta Club Schw\u00e4bisch Gm\u00fcnd e.V.\" \/>\n<meta property=\"og:description\" content=\"Projekt Lichtblicke &amp; Projekt Madagaskar\" \/>\n<meta property=\"og:url\" content=\"https:\/\/zonta-schwaebisch-gmuend.de\/index.php\/projekte\/\" \/>\n<meta property=\"og:site_name\" content=\"Zonta Club Schw\u00e4bisch Gm\u00fcnd e.V.\" \/>\n<meta property=\"article:modified_time\" content=\"2024-05-06T21:45:45+00:00\" \/>\n<meta name=\"twitter:card\" content=\"summary_large_image\" \/>\n<meta name=\"twitter:label1\" content=\"Gesch\u00e4tzte Lesezeit\" \/>\n\t<meta name=\"twitter:data1\" content=\"2\u00a0Minuten\" \/>\n<script type=\"application\/ld+json\" class=\"yoast-schema-graph\">{\"@context\":\"https:\/\/schema.org\",\"@graph\":[{\"@type\":\"WebPage\",\"@id\":\"https:\/\/zonta-schwaebisch-gmuend.de\/index.php\/projekte\/\",\"url\":\"https:\/\/zonta-schwaebisch-gmuend.de\/index.php\/projekte\/\",\"name\":\"Projekte - Zonta Club Schw\u00e4bisch Gm\u00fcnd e.V.\",\"isPartOf\":{\"@id\":\"https:\/\/zonta-schwaebisch-gmuend.de\/#website\"},\"datePublished\":\"2024-04-24T18:57:26+00:00\",\"dateModified\":\"2024-05-06T21:45:45+00:00\",\"description\":\"Projekt Lichtblicke & Projekt Madagaskar\",\"breadcrumb\":{\"@id\":\"https:\/\/zonta-schwaebisch-gmuend.de\/index.php\/projekte\/#breadcrumb\"},\"inLanguage\":\"de\",\"potentialAction\":[{\"@type\":\"ReadAction\",\"target\":[\"https:\/\/zonta-schwaebisch-gmuend.de\/index.php\/projekte\/\"]}]},{\"@type\":\"BreadcrumbList\",\"@id\":\"https:\/\/zonta-schwaebisch-gmuend.de\/index.php\/projekte\/#breadcrumb\",\"itemListElement\":[{\"@type\":\"ListItem\",\"position\":1,\"name\":\"Startseite\",\"item\":\"https:\/\/zonta-schwaebisch-gmuend.de\/\"},{\"@type\":\"ListItem\",\"position\":2,\"name\":\"Projekte\"}]},{\"@type\":\"WebSite\",\"@id\":\"https:\/\/zonta-schwaebisch-gmuend.de\/#website\",\"url\":\"https:\/\/zonta-schwaebisch-gmuend.de\/\",\"name\":\"Zonta Club Schw\u00e4bisch Gm\u00fcnd e.V.\",\"description\":\"\",\"publisher\":{\"@id\":\"https:\/\/zonta-schwaebisch-gmuend.de\/#organization\"},\"potentialAction\":[{\"@type\":\"SearchAction\",\"target\":{\"@type\":\"EntryPoint\",\"urlTemplate\":\"https:\/\/zonta-schwaebisch-gmuend.de\/?s={search_term_string}\"},\"query-input\":{\"@type\":\"PropertyValueSpecification\",\"valueRequired\":true,\"valueName\":\"search_term_string\"}}],\"inLanguage\":\"de\"},{\"@type\":\"Organization\",\"@id\":\"https:\/\/zonta-schwaebisch-gmuend.de\/#organization\",\"name\":\"Zonta Club Schw\u00e4bisch Gm\u00fcnd e.V.\",\"url\":\"https:\/\/zonta-schwaebisch-gmuend.de\/\",\"logo\":{\"@type\":\"ImageObject\",\"inLanguage\":\"de\",\"@id\":\"https:\/\/zonta-schwaebisch-gmuend.de\/#\/schema\/logo\/image\/\",\"url\":\"https:\/\/zonta-schwaebisch-gmuend.de\/wp-content\/uploads\/2023\/08\/Zonta-Club-of-Schwaebisch-Gmuend-Logo_New-Tag_Horizontal_Color-2.png\",\"contentUrl\":\"https:\/\/zonta-schwaebisch-gmuend.de\/wp-content\/uploads\/2023\/08\/Zonta-Club-of-Schwaebisch-Gmuend-Logo_New-Tag_Horizontal_Color-2.png\",\"width\":4738,\"height\":1546,\"caption\":\"Zonta Club Schw\u00e4bisch Gm\u00fcnd e.V.\"},\"image\":{\"@id\":\"https:\/\/zonta-schwaebisch-gmuend.de\/#\/schema\/logo\/image\/\"},\"sameAs\":[\"https:\/\/www.instagram.com\/zontaschwaebischgmuend\/\"]}]}<\/script>\n<!-- \/ Yoast SEO plugin. -->","yoast_head_json":{"title":"Projekte - Zonta Club Schw\u00e4bisch Gm\u00fcnd e.V.","description":"Projekt Lichtblicke & Projekt Madagaskar","robots":{"index":"index","follow":"follow","max-snippet":"max-snippet:-1","max-image-preview":"max-image-preview:large","max-video-preview":"max-video-preview:-1"},"canonical":"https:\/\/zonta-schwaebisch-gmuend.de\/index.php\/projekte\/","og_locale":"de_DE","og_type":"article","og_title":"Projekte - Zonta Club Schw\u00e4bisch Gm\u00fcnd e.V.","og_description":"Projekt Lichtblicke & Projekt Madagaskar","og_url":"https:\/\/zonta-schwaebisch-gmuend.de\/index.php\/projekte\/","og_site_name":"Zonta Club Schw\u00e4bisch Gm\u00fcnd e.V.","article_modified_time":"2024-05-06T21:45:45+00:00","twitter_card":"summary_large_image","twitter_misc":{"Gesch\u00e4tzte Lesezeit":"2\u00a0Minuten"},"schema":{"@context":"https:\/\/schema.org","@graph":[{"@type":"WebPage","@id":"https:\/\/zonta-schwaebisch-gmuend.de\/index.php\/projekte\/","url":"https:\/\/zonta-schwaebisch-gmuend.de\/index.php\/projekte\/","name":"Projekte - Zonta Club Schw\u00e4bisch Gm\u00fcnd e.V.","isPartOf":{"@id":"https:\/\/zonta-schwaebisch-gmuend.de\/#website"},"datePublished":"2024-04-24T18:57:26+00:00","dateModified":"2024-05-06T21:45:45+00:00","description":"Projekt Lichtblicke & Projekt Madagaskar","breadcrumb":{"@id":"https:\/\/zonta-schwaebisch-gmuend.de\/index.php\/projekte\/#breadcrumb"},"inLanguage":"de","potentialAction":[{"@type":"ReadAction","target":["https:\/\/zonta-schwaebisch-gmuend.de\/index.php\/projekte\/"]}]},{"@type":"BreadcrumbList","@id":"https:\/\/zonta-schwaebisch-gmuend.de\/index.php\/projekte\/#breadcrumb","itemListElement":[{"@type":"ListItem","position":1,"name":"Startseite","item":"https:\/\/zonta-schwaebisch-gmuend.de\/"},{"@type":"ListItem","position":2,"name":"Projekte"}]},{"@type":"WebSite","@id":"https:\/\/zonta-schwaebisch-gmuend.de\/#website","url":"https:\/\/zonta-schwaebisch-gmuend.de\/","name":"Zonta Club Schw\u00e4bisch Gm\u00fcnd e.V.","description":"","publisher":{"@id":"https:\/\/zonta-schwaebisch-gmuend.de\/#organization"},"potentialAction":[{"@type":"SearchAction","target":{"@type":"EntryPoint","urlTemplate":"https:\/\/zonta-schwaebisch-gmuend.de\/?s={search_term_string}"},"query-input":{"@type":"PropertyValueSpecification","valueRequired":true,"valueName":"search_term_string"}}],"inLanguage":"de"},{"@type":"Organization","@id":"https:\/\/zonta-schwaebisch-gmuend.de\/#organization","name":"Zonta Club Schw\u00e4bisch Gm\u00fcnd e.V.","url":"https:\/\/zonta-schwaebisch-gmuend.de\/","logo":{"@type":"ImageObject","inLanguage":"de","@id":"https:\/\/zonta-schwaebisch-gmuend.de\/#\/schema\/logo\/image\/","url":"https:\/\/zonta-schwaebisch-gmuend.de\/wp-content\/uploads\/2023\/08\/Zonta-Club-of-Schwaebisch-Gmuend-Logo_New-Tag_Horizontal_Color-2.png","contentUrl":"https:\/\/zonta-schwaebisch-gmuend.de\/wp-content\/uploads\/2023\/08\/Zonta-Club-of-Schwaebisch-Gmuend-Logo_New-Tag_Horizontal_Color-2.png","width":4738,"height":1546,"caption":"Zonta Club Schw\u00e4bisch Gm\u00fcnd e.V."},"image":{"@id":"https:\/\/zonta-schwaebisch-gmuend.de\/#\/schema\/logo\/image\/"},"sameAs":["https:\/\/www.instagram.com\/zontaschwaebischgmuend\/"]}]}},"_links":{"self":[{"href":"https:\/\/zonta-schwaebisch-gmuend.de\/index.php\/wp-json\/wp\/v2\/pages\/1262","targetHints":{"allow":["GET"]}}],"collection":[{"href":"https:\/\/zonta-schwaebisch-gmuend.de\/index.php\/wp-json\/wp\/v2\/pages"}],"about":[{"href":"https:\/\/zonta-schwaebisch-gmuend.de\/index.php\/wp-json\/wp\/v2\/types\/page"}],"author":[{"embeddable":true,"href":"https:\/\/zonta-schwaebisch-gmuend.de\/index.php\/wp-json\/wp\/v2\/users\/1"}],"replies":[{"embeddable":true,"href":"https:\/\/zonta-schwaebisch-gmuend.de\/index.php\/wp-json\/wp\/v2\/comments?post=1262"}],"version-history":[{"count":3,"href":"https:\/\/zonta-schwaebisch-gmuend.de\/index.php\/wp-json\/wp\/v2\/pages\/1262\/revisions"}],"predecessor-version":[{"id":1298,"href":"https:\/\/zonta-schwaebisch-gmuend.de\/index.php\/wp-json\/wp\/v2\/pages\/1262\/revisions\/1298"}],"wp:attachment":[{"href":"https:\/\/zonta-schwaebisch-gmuend.de\/index.php\/wp-json\/wp\/v2\/media?parent=1262"}],"curies":[{"name":"wp","href":"https:\/\/api.w.org\/{rel}","templated":true}]}}