{"id":1258,"date":"2024-04-24T20:54:45","date_gmt":"2024-04-24T18:54:45","guid":{"rendered":"https:\/\/zonta-schwaebisch-gmuend.de\/?page_id=1258"},"modified":"2024-05-06T23:46:53","modified_gmt":"2024-05-06T21:46:53","slug":"wer-wir-sind","status":"publish","type":"page","link":"https:\/\/zonta-schwaebisch-gmuend.de\/index.php\/wer-wir-sind\/","title":{"rendered":"Wer wir sind"},"content":{"rendered":"<p><div class=\"fusion-fullwidth fullwidth-box fusion-builder-row-1 fusion-flex-container fusion-parallax-none nonhundred-percent-fullwidth non-hundred-percent-height-scrolling lazyload fusion-custom-z-index\" style=\"--awb-background-repeat:repeat-x;--awb-border-radius-top-left:0px;--awb-border-radius-top-right:0px;--awb-border-radius-bottom-right:0px;--awb-border-radius-bottom-left:0px;--awb-z-index:0;--awb-padding-top:92px;--awb-padding-bottom:43px;--awb-padding-top-small:100px;--awb-padding-bottom-small:100px;--awb-background-image:linear-gradient(180deg, hsla(var(--awb-color1-h),var(--awb-color1-s),var(--awb-color1-l),calc( var(--awb-color1-a) - 5% )) 0%,rgba(255,255,255,0) 92%);;--awb-background-size:2000px;--awb-flex-wrap:wrap;\" data-bg=\"https:\/\/app.on25space.com\/manager\/workspace\/20230716195604\/wp-content\/uploads\/2023\/11\/header_header.jpg\" data-bg-gradient=\"linear-gradient(180deg, hsla(var(--awb-color1-h),var(--awb-color1-s),var(--awb-color1-l),calc( var(--awb-color1-a) - 5% )) 0%,rgba(255,255,255,0) 92%)\" ><div class=\"fusion-builder-row fusion-row fusion-flex-align-items-flex-start fusion-flex-content-wrap\" style=\"max-width:1248px;margin-left: calc(-4% \/ 2 );margin-right: calc(-4% \/ 2 );\"><div class=\"fusion-layout-column fusion_builder_column fusion-builder-column-0 fusion_builder_column_1_1 1_1 fusion-flex-column\" style=\"--awb-bg-size:cover;--awb-width-large:100%;--awb-margin-top-large:0px;--awb-spacing-right-large:1.92%;--awb-margin-bottom-large:20px;--awb-spacing-left-large:1.92%;--awb-width-medium:100%;--awb-order-medium:0;--awb-spacing-right-medium:1.92%;--awb-spacing-left-medium:1.92%;--awb-width-small:100%;--awb-order-small:0;--awb-spacing-right-small:1.92%;--awb-spacing-left-small:1.92%;\"><div class=\"fusion-column-wrapper fusion-column-has-shadow fusion-flex-justify-content-flex-start fusion-content-layout-column\"><div class=\"fusion-text fusion-text-1\" style=\"--awb-content-alignment:center;--awb-font-size:var(--awb-typography2-font-size);--awb-line-height:var(--awb-typography2-line-height);--awb-letter-spacing:var(--awb-typography2-letter-spacing);--awb-text-transform:var(--awb-typography2-text-transform);--awb-text-color:var(--awb-color8);--awb-text-font-family:var(--awb-typography2-font-family);--awb-text-font-weight:var(--awb-typography2-font-weight);--awb-text-font-style:var(--awb-typography2-font-style);\"><p>ZONTA CLUB SCHW\u00c4BISCH GM\u00dcND<\/p>\n<\/div><div class=\"fusion-title title fusion-title-1 fusion-sep-none fusion-title-center fusion-title-text fusion-title-size-one\" style=\"--awb-text-color:var(--awb-color8);--awb-margin-top:-20px;--awb-margin-bottom:20px;--awb-margin-top-small:10px;--awb-margin-right-small:0px;--awb-margin-bottom-small:10px;--awb-margin-left-small:0px;--awb-font-size:60px;\"><h1 class=\"fusion-title-heading title-heading-center\" style=\"margin:0;text-transform:capitalize;font-size:1em;line-height:1em;\"><span style=\"font-family: Carlito; font-weight: 400;\" data-fusion-font=\"true\" data-fusion-google-font=\"Carlito\" data-fusion-google-variant=\"400\">Wer wir sind<\/span><\/h1><\/div><\/div><\/div><\/div><\/div><div class=\"fusion-fullwidth fullwidth-box fusion-builder-row-2 fusion-flex-container nonhundred-percent-fullwidth non-hundred-percent-height-scrolling\" style=\"--awb-border-radius-top-left:0px;--awb-border-radius-top-right:0px;--awb-border-radius-bottom-right:0px;--awb-border-radius-bottom-left:0px;--awb-padding-top:30px;--awb-padding-bottom:0px;--awb-flex-wrap:wrap;\" ><div class=\"fusion-builder-row fusion-row fusion-flex-align-items-flex-start fusion-flex-content-wrap\" style=\"max-width:1248px;margin-left: calc(-4% \/ 2 );margin-right: calc(-4% \/ 2 );\"><div class=\"fusion-layout-column fusion_builder_column fusion-builder-column-1 fusion_builder_column_1_1 1_1 fusion-flex-column\" style=\"--awb-bg-size:cover;--awb-width-large:100%;--awb-margin-top-large:0px;--awb-spacing-right-large:1.92%;--awb-margin-bottom-large:20px;--awb-spacing-left-large:1.92%;--awb-width-medium:100%;--awb-order-medium:0;--awb-spacing-right-medium:1.92%;--awb-spacing-left-medium:1.92%;--awb-width-small:100%;--awb-order-small:0;--awb-spacing-right-small:1.92%;--awb-spacing-left-small:1.92%;\"><div class=\"fusion-column-wrapper fusion-column-has-shadow fusion-flex-justify-content-flex-start fusion-content-layout-column\"><div class=\"fusion-text fusion-text-2\"><p><strong>Unsere Berufe<\/strong><\/p>\n<ul>\n<li>Architektin<\/li>\n<li>B\u00fcrokauffrau<\/li>\n<li>Chemikerin<\/li>\n<li>Dermatologin<\/li>\n<li>Di\u00e4tassistentin<\/li>\n<li>Friseurmeisterin<\/li>\n<li>Gyn\u00e4kologin<\/li>\n<li>Immobilienverwalterin<\/li>\n<li>Juristin<\/li>\n<li>Kieferorthop\u00e4din<\/li>\n<li>Krankenschwester<\/li>\n<li>K\u00fcnstlerin<\/li>\n<li>Lehrerin<\/li>\n<li>Psychotherapeutin<\/li>\n<li>Richterin<\/li>\n<li>Schulrektorin<\/li>\n<li>\u00dcbersetzerin<\/li>\n<li>Verm\u00f6gensmanagerin<\/li>\n<\/ul>\n<\/div><\/div><\/div><\/div><\/div><\/p>\n","protected":false},"excerpt":{"rendered":"","protected":false},"author":1,"featured_media":0,"parent":0,"menu_order":0,"comment_status":"closed","ping_status":"closed","template":"100-width.php","meta":{"footnotes":""},"class_list":["post-1258","page","type-page","status-publish","hentry"],"yoast_head":"<!-- This site is optimized with the Yoast SEO plugin v27.2 - https:\/\/yoast.com\/product\/yoast-seo-wordpress\/ -->\n<title>Wer wir sind - Zonta Club Schw\u00e4bisch Gm\u00fcnd e.V.<\/title>\n<meta name=\"description\" content=\"\u00dcber uns und unsere Berufe.\" \/>\n<meta name=\"robots\" content=\"index, follow, max-snippet:-1, max-image-preview:large, max-video-preview:-1\" \/>\n<link rel=\"canonical\" href=\"https:\/\/zonta-schwaebisch-gmuend.de\/index.php\/wer-wir-sind\/\" \/>\n<meta property=\"og:locale\" content=\"de_DE\" \/>\n<meta property=\"og:type\" content=\"article\" \/>\n<meta property=\"og:title\" content=\"Wer wir sind - Zonta Club Schw\u00e4bisch Gm\u00fcnd e.V.\" \/>\n<meta property=\"og:description\" content=\"\u00dcber uns und unsere Berufe.\" \/>\n<meta property=\"og:url\" content=\"https:\/\/zonta-schwaebisch-gmuend.de\/index.php\/wer-wir-sind\/\" \/>\n<meta property=\"og:site_name\" content=\"Zonta Club Schw\u00e4bisch Gm\u00fcnd e.V.\" \/>\n<meta property=\"article:modified_time\" content=\"2024-05-06T21:46:53+00:00\" \/>\n<meta name=\"twitter:card\" content=\"summary_large_image\" \/>\n<meta name=\"twitter:label1\" content=\"Gesch\u00e4tzte Lesezeit\" \/>\n\t<meta name=\"twitter:data1\" content=\"1\u00a0Minute\" \/>\n<script type=\"application\/ld+json\" class=\"yoast-schema-graph\">{\"@context\":\"https:\/\/schema.org\",\"@graph\":[{\"@type\":\"WebPage\",\"@id\":\"https:\/\/zonta-schwaebisch-gmuend.de\/index.php\/wer-wir-sind\/\",\"url\":\"https:\/\/zonta-schwaebisch-gmuend.de\/index.php\/wer-wir-sind\/\",\"name\":\"Wer wir sind - Zonta Club Schw\u00e4bisch Gm\u00fcnd e.V.\",\"isPartOf\":{\"@id\":\"https:\/\/zonta-schwaebisch-gmuend.de\/#website\"},\"datePublished\":\"2024-04-24T18:54:45+00:00\",\"dateModified\":\"2024-05-06T21:46:53+00:00\",\"description\":\"\u00dcber uns und unsere Berufe.\",\"breadcrumb\":{\"@id\":\"https:\/\/zonta-schwaebisch-gmuend.de\/index.php\/wer-wir-sind\/#breadcrumb\"},\"inLanguage\":\"de\",\"potentialAction\":[{\"@type\":\"ReadAction\",\"target\":[\"https:\/\/zonta-schwaebisch-gmuend.de\/index.php\/wer-wir-sind\/\"]}]},{\"@type\":\"BreadcrumbList\",\"@id\":\"https:\/\/zonta-schwaebisch-gmuend.de\/index.php\/wer-wir-sind\/#breadcrumb\",\"itemListElement\":[{\"@type\":\"ListItem\",\"position\":1,\"name\":\"Startseite\",\"item\":\"https:\/\/zonta-schwaebisch-gmuend.de\/\"},{\"@type\":\"ListItem\",\"position\":2,\"name\":\"Wer wir sind\"}]},{\"@type\":\"WebSite\",\"@id\":\"https:\/\/zonta-schwaebisch-gmuend.de\/#website\",\"url\":\"https:\/\/zonta-schwaebisch-gmuend.de\/\",\"name\":\"Zonta Club Schw\u00e4bisch Gm\u00fcnd e.V.\",\"description\":\"\",\"publisher\":{\"@id\":\"https:\/\/zonta-schwaebisch-gmuend.de\/#organization\"},\"potentialAction\":[{\"@type\":\"SearchAction\",\"target\":{\"@type\":\"EntryPoint\",\"urlTemplate\":\"https:\/\/zonta-schwaebisch-gmuend.de\/?s={search_term_string}\"},\"query-input\":{\"@type\":\"PropertyValueSpecification\",\"valueRequired\":true,\"valueName\":\"search_term_string\"}}],\"inLanguage\":\"de\"},{\"@type\":\"Organization\",\"@id\":\"https:\/\/zonta-schwaebisch-gmuend.de\/#organization\",\"name\":\"Zonta Club Schw\u00e4bisch Gm\u00fcnd e.V.\",\"url\":\"https:\/\/zonta-schwaebisch-gmuend.de\/\",\"logo\":{\"@type\":\"ImageObject\",\"inLanguage\":\"de\",\"@id\":\"https:\/\/zonta-schwaebisch-gmuend.de\/#\/schema\/logo\/image\/\",\"url\":\"https:\/\/zonta-schwaebisch-gmuend.de\/wp-content\/uploads\/2023\/08\/Zonta-Club-of-Schwaebisch-Gmuend-Logo_New-Tag_Horizontal_Color-2.png\",\"contentUrl\":\"https:\/\/zonta-schwaebisch-gmuend.de\/wp-content\/uploads\/2023\/08\/Zonta-Club-of-Schwaebisch-Gmuend-Logo_New-Tag_Horizontal_Color-2.png\",\"width\":4738,\"height\":1546,\"caption\":\"Zonta Club Schw\u00e4bisch Gm\u00fcnd e.V.\"},\"image\":{\"@id\":\"https:\/\/zonta-schwaebisch-gmuend.de\/#\/schema\/logo\/image\/\"},\"sameAs\":[\"https:\/\/www.instagram.com\/zontaschwaebischgmuend\/\"]}]}<\/script>\n<!-- \/ Yoast SEO plugin. -->","yoast_head_json":{"title":"Wer wir sind - Zonta Club Schw\u00e4bisch Gm\u00fcnd e.V.","description":"\u00dcber uns und unsere Berufe.","robots":{"index":"index","follow":"follow","max-snippet":"max-snippet:-1","max-image-preview":"max-image-preview:large","max-video-preview":"max-video-preview:-1"},"canonical":"https:\/\/zonta-schwaebisch-gmuend.de\/index.php\/wer-wir-sind\/","og_locale":"de_DE","og_type":"article","og_title":"Wer wir sind - Zonta Club Schw\u00e4bisch Gm\u00fcnd e.V.","og_description":"\u00dcber uns und unsere Berufe.","og_url":"https:\/\/zonta-schwaebisch-gmuend.de\/index.php\/wer-wir-sind\/","og_site_name":"Zonta Club Schw\u00e4bisch Gm\u00fcnd e.V.","article_modified_time":"2024-05-06T21:46:53+00:00","twitter_card":"summary_large_image","twitter_misc":{"Gesch\u00e4tzte Lesezeit":"1\u00a0Minute"},"schema":{"@context":"https:\/\/schema.org","@graph":[{"@type":"WebPage","@id":"https:\/\/zonta-schwaebisch-gmuend.de\/index.php\/wer-wir-sind\/","url":"https:\/\/zonta-schwaebisch-gmuend.de\/index.php\/wer-wir-sind\/","name":"Wer wir sind - Zonta Club Schw\u00e4bisch Gm\u00fcnd e.V.","isPartOf":{"@id":"https:\/\/zonta-schwaebisch-gmuend.de\/#website"},"datePublished":"2024-04-24T18:54:45+00:00","dateModified":"2024-05-06T21:46:53+00:00","description":"\u00dcber uns und unsere Berufe.","breadcrumb":{"@id":"https:\/\/zonta-schwaebisch-gmuend.de\/index.php\/wer-wir-sind\/#breadcrumb"},"inLanguage":"de","potentialAction":[{"@type":"ReadAction","target":["https:\/\/zonta-schwaebisch-gmuend.de\/index.php\/wer-wir-sind\/"]}]},{"@type":"BreadcrumbList","@id":"https:\/\/zonta-schwaebisch-gmuend.de\/index.php\/wer-wir-sind\/#breadcrumb","itemListElement":[{"@type":"ListItem","position":1,"name":"Startseite","item":"https:\/\/zonta-schwaebisch-gmuend.de\/"},{"@type":"ListItem","position":2,"name":"Wer wir sind"}]},{"@type":"WebSite","@id":"https:\/\/zonta-schwaebisch-gmuend.de\/#website","url":"https:\/\/zonta-schwaebisch-gmuend.de\/","name":"Zonta Club Schw\u00e4bisch Gm\u00fcnd e.V.","description":"","publisher":{"@id":"https:\/\/zonta-schwaebisch-gmuend.de\/#organization"},"potentialAction":[{"@type":"SearchAction","target":{"@type":"EntryPoint","urlTemplate":"https:\/\/zonta-schwaebisch-gmuend.de\/?s={search_term_string}"},"query-input":{"@type":"PropertyValueSpecification","valueRequired":true,"valueName":"search_term_string"}}],"inLanguage":"de"},{"@type":"Organization","@id":"https:\/\/zonta-schwaebisch-gmuend.de\/#organization","name":"Zonta Club Schw\u00e4bisch Gm\u00fcnd e.V.","url":"https:\/\/zonta-schwaebisch-gmuend.de\/","logo":{"@type":"ImageObject","inLanguage":"de","@id":"https:\/\/zonta-schwaebisch-gmuend.de\/#\/schema\/logo\/image\/","url":"https:\/\/zonta-schwaebisch-gmuend.de\/wp-content\/uploads\/2023\/08\/Zonta-Club-of-Schwaebisch-Gmuend-Logo_New-Tag_Horizontal_Color-2.png","contentUrl":"https:\/\/zonta-schwaebisch-gmuend.de\/wp-content\/uploads\/2023\/08\/Zonta-Club-of-Schwaebisch-Gmuend-Logo_New-Tag_Horizontal_Color-2.png","width":4738,"height":1546,"caption":"Zonta Club Schw\u00e4bisch Gm\u00fcnd e.V."},"image":{"@id":"https:\/\/zonta-schwaebisch-gmuend.de\/#\/schema\/logo\/image\/"},"sameAs":["https:\/\/www.instagram.com\/zontaschwaebischgmuend\/"]}]}},"_links":{"self":[{"href":"https:\/\/zonta-schwaebisch-gmuend.de\/index.php\/wp-json\/wp\/v2\/pages\/1258","targetHints":{"allow":["GET"]}}],"collection":[{"href":"https:\/\/zonta-schwaebisch-gmuend.de\/index.php\/wp-json\/wp\/v2\/pages"}],"about":[{"href":"https:\/\/zonta-schwaebisch-gmuend.de\/index.php\/wp-json\/wp\/v2\/types\/page"}],"author":[{"embeddable":true,"href":"https:\/\/zonta-schwaebisch-gmuend.de\/index.php\/wp-json\/wp\/v2\/users\/1"}],"replies":[{"embeddable":true,"href":"https:\/\/zonta-schwaebisch-gmuend.de\/index.php\/wp-json\/wp\/v2\/comments?post=1258"}],"version-history":[{"count":4,"href":"https:\/\/zonta-schwaebisch-gmuend.de\/index.php\/wp-json\/wp\/v2\/pages\/1258\/revisions"}],"predecessor-version":[{"id":1302,"href":"https:\/\/zonta-schwaebisch-gmuend.de\/index.php\/wp-json\/wp\/v2\/pages\/1258\/revisions\/1302"}],"wp:attachment":[{"href":"https:\/\/zonta-schwaebisch-gmuend.de\/index.php\/wp-json\/wp\/v2\/media?parent=1258"}],"curies":[{"name":"wp","href":"https:\/\/api.w.org\/{rel}","templated":true}]}}